{"id":15923,"date":"2021-09-09T08:02:22","date_gmt":"2021-09-09T12:02:22","guid":{"rendered":"https:\/\/busesahumada.cl\/busesahumada.cl\/webv\/?page_id=15923"},"modified":"2026-03-02T16:41:52","modified_gmt":"2026-03-02T20:41:52","slug":"trabaja-con-nosotros","status":"publish","type":"page","link":"https:\/\/busesahumada.cl\/busesahumada.cl\/webv\/trabaja-con-nosotros\/","title":{"rendered":"TRABAJA CON NOSOTROS"},"content":{"rendered":"<div  class=\"tatsu-rkbYS__DGY tatsu-section  tatsu-bg-overlay   tatsu-clearfix\" data-title=\"\"  data-headerscheme=\"background--dark\"><div class='tatsu-section-pad clearfix' data-padding='{\"d\":\"90px 0px 90px 0px\"}' data-padding-top='90px'><div class=\"tatsu-row-wrap  tatsu-wrap tatsu-row-one-col tatsu-row-has-one-cols tatsu-medium-gutter tatsu-reg-cols  tatsu-clearfix tatsu-SyxKS_dDMK\" ><div  class=\"tatsu-row \" ><div  class=\"tatsu-column  tatsu-bg-overlay tatsu-one-col tatsu-column-image-none tatsu-column-effect-none  tatsu-BJtHu_vft\"  data-parallax-speed=\"0\" style=\"\"><div class=\"tatsu-column-inner \" ><div class=\"tatsu-column-pad-wrap\"><div class=\"tatsu-column-pad\" ><div  class=\"tatsu-module tatsu-text-block-wrap tatsu-rJzLd_wfY  \"><div class=\"tatsu-text-inner tatsu-align-center  clearfix\" ><style>.tatsu-rJzLd_wfY.tatsu-text-block-wrap .tatsu-text-inner{width: 100%;text-align: left;}<\/style>\n<h4>Buscamos los siguientes cargos para nuestra empresa. Si crees que cumples con los requisitos env\u00edanos tu curr\u00edculum a <strong>rrhh@busesahumada.cl\u00a0<\/strong><\/h4>\n<p>\u00a0<\/p>\n<p><strong>BUSES AHUMADA LTDA. NECESITA CONTRATAR:<\/strong><\/p>\n<p><strong>CARGO 01<br \/><\/strong><strong>CONDUCTORES DE BUSES TRAMO INTERURBANO E INTERNACIONAL<\/strong><\/p>\n<p>Buses Ahumada Ltda empresa de transportes de pasajeros de servicio nacional e internacional se encuentra en b\u00fasqueda de conductores de buses calificados para unirse a nuestro equipo. Si cumples con los requisitos establecidos y deseas formar parte de una empresa comprometida con la seguridad y el bienestar de nuestros pasajeros, \u00a1te invitamos a postularte!<\/p>\n<p><strong>\u00a0<\/strong><strong>Experiencia <\/strong>M\u00ednima 02 a\u00f1os, comprobable en la conducci\u00f3n de veh\u00edculos de transporte de pasajeros.<\/p>\n<p><strong>Requisitos del Cargo:<\/strong><br \/>&#8211; Licencia de Conducir:<br \/>&#8211; Licencia Clase A2 \/ A3 (A1 antigua)<\/p>\n<p><strong>\u00a0<\/strong><strong>\u00a0Competencias<\/strong><\/p>\n<p><strong>\u00a0<\/strong>-Habilidades de Conducci\u00f3n: Experiencia en la conducci\u00f3n de buses y minibuses con un enfoque en la seguridad.<br \/>-Conocimiento de leyes de tr\u00e1nsito<\/p>\n<p>-Conocimientos de mec\u00e1nica Diesel.<\/p>\n<p>-Cumplir con horarios establecidos en rotativa diaria.<br \/>-Capacidad para manejar situaciones imprevistas y adaptarse a diferentes condiciones de tr\u00e1fico y clima.<\/p>\n<p><strong>C\u00f3mo Postular:<br \/><\/strong>Si cumples con los requisitos y est\u00e1s interesado en formar parte de nuestro equipo, env\u00eda tu curr\u00edculum vitae a <a href=\"mailto:rrhh@busesahumada.cl\">rrhh@busesahumada.cl<\/a><\/p>\n<p>\u00a0<\/p>\n<p><strong>CARGO 02<br \/><\/strong><strong>MECANICO DE PRIMERA<\/strong><\/p>\n<p><strong>OBJETIVO \u00a0DEL CARGO<\/strong> : \u201cCumplir y asegurar una correcta realizaci\u00f3n de trabajos preventivos y correctivos de los veh\u00edculos de la organizaci\u00f3n\u201d.<\/p>\n<p><strong>COMPETENCIAS:<\/strong><\/p>\n<ul>\n<li>Conocimientos de sistema el\u00e9ctrico automotriz<\/li>\n<li>Conocimientos s\u00f3lidos en motores Diesel, sistemas hidr\u00e1ulicos.(se valora conocimientos en marca\u00a0\u00a0\u00a0 Mercedes benz).<\/li>\n<li>Conocimiento de mantenciones preventivas a veh\u00edculos livianos y pesados (buses y camiones).<\/li>\n<\/ul>\n<p><strong>EXPERIENCIA \u00a0\u00a0\u00a0\u00a0: <\/strong>\u00a002 a\u00f1os comprobables.<\/p>\n<p><strong>VACANTES \u00a0\u00a0<\/strong>\u00a0\u00a0\u00a0\u00a0\u00a0\u00a0 \u00a0\u00a0: \u00a0\u00a002 .<\/p>\n<p><strong>DISPONIBILIDAD <\/strong>: \u00a0INMEDIATA<\/p>\n<p><strong>Sueldo \u00a0\u00a0\u00a0\u00a0\u00a0\u00a0\u00a0\u00a0\u00a0\u00a0\u00a0\u00a0\u00a0\u00a0\u00a0 <\/strong>\u00a0\u00a0\u00a0: Acorde al cargo \u00a0<\/p>\n<p>Tareas a realizar:<\/p>\n<ul>\n<li>Realizar mantenimientos preventivos y correctivos de los sistemas mec\u00e1nicos de los buses.<\/li>\n<li>Seguir programas y procesos que aseguren el correcto funcionamiento de los buses.<\/li>\n<li>Tener experiencia comprobable en veh\u00edculos di\u00e9sel, especialmente buses y camiones<\/li>\n<li>Llevar a cabo labores de mantenci\u00f3n y reparaci\u00f3n de buses en las instalaciones de la empresa.<\/li>\n<\/ul>\n<p>\u00a0<\/p>\n<p><strong>CARGO\u00a0\u00a003<\/strong>\u00a0 \u00a0 \u00a0 \u00a0 \u00a0 \u00a0 \u00a0 \u00a0 \u00a0 \u00a0 \u00a0<strong>: AYUDANTE \u00a0MECANICO <\/strong>.<\/p>\n<p><strong>OBJETIVO \u00a0DEL CARGO<\/strong> : \u201cApoyar a realizar reparaciones preventivas como correctivas en los veh\u00edculos de la organizaci\u00f3n, Asegurando el buen funcionamiento de los equipos.<\/p>\n<p><strong>EXPERIENCIA \u00a0\u00a0\u00a0\u00a0: <\/strong>\u00a001 a\u00f1os.<\/p>\n<p><strong>VACANTES \u00a0\u00a0<\/strong>\u00a0\u00a0\u00a0\u00a0\u00a0\u00a0 \u00a0\u00a0: \u00a0\u00a003<\/p>\n<p><strong>DISPONIBILIDAD <\/strong>: \u00a0INMEDIATA<\/p>\n<p><strong>Sueldo \u00a0\u00a0\u00a0\u00a0\u00a0\u00a0\u00a0\u00a0\u00a0\u00a0\u00a0\u00a0\u00a0\u00a0\u00a0 <\/strong>\u00a0\u00a0\u00a0: Acorde al cargo\u00a0\u00a0<\/p>\n<p>Tareas a realizar:<\/p>\n<h5>Apoyo en la realizaci\u00f3n en \u00f3rdenes de trabajo<\/h5>\n<h5>Iniciar y cerrar correctamente los trabajos asignados.<\/h5>\n<p>Apoyar a realizar diagn\u00f3stico de falla en los distintos sistemas de los veh\u00edculos.<\/p>\n<p>Apoyar a realizar reparaciones correctivas y preventivas en los veh\u00edculos livianos de la organizaci\u00f3n.<\/p>\n<p>Apoyar en realizar mantenciones preventivas en mini buses y veh\u00edculos livianos, cambio aceites motor, caja, diferencial, cambio de filtros, cambio de amortiguadores, masas, frenos, direcci\u00f3n, seg\u00fan pauta de mantenci\u00f3n.<\/p>\n<p>Apoyo de Asistencia en ruta a los veh\u00edculos de la organizaci\u00f3n, verificaci\u00f3n de funcionamiento de los sistemas del veh\u00edculo.<\/p>\n<p>\u00a0<\/p>\n<p><strong>CARGO 04\u00a0 \u00a0 \u00a0 :<\/strong> <strong>T\u00e9cnico en aire acondicionado (Buses-minibuses-camionetas)<\/strong><\/p>\n<p><strong>OBJETIVO DEL CARGO : \u00a0<\/strong>Mantener en \u00f3ptimas condiciones, a trav\u00e9s de la ejecuci\u00f3n de revisiones preventivas, el estado del sistema climatizador de los equipos buses, minibuses y veh\u00edculos livianos de la organizaci\u00f3n.<\/p>\n<p>\u00a0<\/p>\n<p><strong>EXPERIENCIA\u00a0\u00a0\u00a0\u00a0\u00a0\u00a0\u00a0\u00a0\u00a0\u00a0\u00a0\u00a0\u00a0\u00a0\u00a0\u00a0 :<\/strong> 02 a\u00f1os.<\/p>\n<p><strong>DISPONIBILIDAD\u00a0\u00a0\u00a0\u00a0\u00a0\u00a0\u00a0\u00a0\u00a0 :<\/strong> Inmediata<\/p>\n<p><strong>VACANTES\u00a0 \u00a0 \u00a0 \u00a0 \u00a0 \u00a0 \u00a0 \u00a0 \u00a0 \u00a0 \u00a0:<\/strong> 01<\/p>\n<p><strong>Sueldo <\/strong>\u00a0 \u00a0 \u00a0 \u00a0 \u00a0 \u00a0 \u00a0 \u00a0 \u00a0 \u00a0 \u00a0 \u00a0 \u00a0 \u00a0: acorde al cargo.<\/p>\n<p><strong>\u00a0<\/strong><\/p>\n<p><strong>COMPETENCIAS:<\/strong><\/p>\n<p>&#8211; Sistemas de climatizaci\u00f3n en carrocer\u00edas, Irizar, Modasa y Marcopolo.<\/p>\n<p>&#8211; Sistemas el\u00e9ctricos de automotrices.<\/p>\n<p>&#8211; Conocimientos T\u00e9cnicos Mec\u00e1nica automotriz.<\/p>\n<p>-Manejo de herramientas de diagn\u00f3sticos sistema aire acondicionado.<\/p>\n<p>\u00a0<\/p>\n<p><strong>BUSES AHUMADA LTDA. NECESITA CONTRATAR:<\/strong><\/p>\n<p><strong>\u00a0<\/strong><\/p>\n<p><strong>DESCRIPCION DEL CARGO: \u00a0<\/strong>Estamos en b\u00fasqueda de un\/a Asistente de Direcci\u00f3n con experiencia para unirse a nuestro equipo. El candidato\/a deber\u00e1 tener habilidades excepcionales de proactividad, autonom\u00eda, organizaci\u00f3n, planificaci\u00f3n, comunicaci\u00f3n asertiva, trabajo en equipo, discreci\u00f3n y \u00e9tica. Como tambi\u00e9n conocimientos de administraci\u00f3n y gesti\u00f3n de documentaci\u00f3n confidencial.<\/p>\n<p>\u00a0<\/p>\n<p><strong>EXPERIENCIA\u00a0\u00a0\u00a0\u00a0\u00a0\u00a0\u00a0\u00a0\u00a0\u00a0\u00a0\u00a0\u00a0\u00a0\u00a0\u00a0 :<\/strong> \u00a004 a\u00f1os m\u00ednimo en cargos similares<\/p>\n<p><strong>DISPONIBILIDAD\u00a0\u00a0\u00a0\u00a0\u00a0\u00a0\u00a0\u00a0\u00a0 :<\/strong> Inmediata<\/p>\n<p><strong>VACANTES\u00a0\u00a0\u00a0\u00a0\u00a0\u00a0\u00a0\u00a0\u00a0\u00a0\u00a0\u00a0\u00a0\u00a0\u00a0\u00a0\u00a0\u00a0\u00a0\u00a0\u00a0\u00a0 \u00a0:<\/strong> \u00a001<\/p>\n<p><strong>Remuneraci\u00f3n <\/strong>\u00a0\u00a0\u00a0\u00a0\u00a0\u00a0\u00a0\u00a0\u00a0\u00a0\u00a0\u00a0 : \u00a0Acorde al cargo.<\/p>\n<p><strong>\u00a0<\/strong><\/p>\n<p><strong>COMPETENCIAS:<\/strong><\/p>\n<p>Estudios T\u00e9cnicos en administraci\u00f3n de empresas, secretariado ejecutivo o carrera a fin.<\/p>\n<p>Dominio de herramientas de ofim\u00e1tica (MS Office, manejo de agendas digitales, MS Teams, Google workspace, etc)<\/p>\n<p>Excelentes habilidades interpersonales y de comunicaci\u00f3n.<\/p>\n<p>Capacidad para trabajar en equipo y bajo presi\u00f3n.<\/p>\n<p>Experiencia en atenci\u00f3n y resoluci\u00f3n de consultas.<\/p>\n<p>Experiencia en gesti\u00f3n de agendas y coordinaci\u00f3n de reuniones.<\/p>\n<p>Conocimientos t\u00e9cnicos en gesti\u00f3n de documentaci\u00f3n.<\/p>\n<p>Conocimientos t\u00e9cnicos en gesti\u00f3n administrativa.<\/p>\n<p>Licencia de conducir clase B<\/p>\n<p>\u00a0<\/p>\n<p>\u00a0<\/p>\n<p>Enviar CV con <strong>pretensiones de sueldo<\/strong> a <a href=\"mailto:RRHH@busesahumada.cl\">RRHH@busesahumada.cl<\/a>\u00a0 en asunto del mail indicar el cargo al que va a postular.<\/p>\n<\/div><\/div><\/div><\/div><div class = \"tatsu-column-bg-image-wrap\"><div class = \"tatsu-column-bg-image\" ><\/div><\/div><div class=\"tatsu-overlay tatsu-column-overlay tatsu-animate-none\" ><\/div><\/div><style>.tatsu-row > .tatsu-BJtHu_vft.tatsu-column{width: 100%;}.tatsu-BJtHu_vft.tatsu-column > .tatsu-column-inner > .tatsu-column-overlay{mix-blend-mode: normal;}.tatsu-BJtHu_vft > .tatsu-column-inner > .tatsu-top-divider{z-index: 9999;}.tatsu-BJtHu_vft > .tatsu-column-inner > .tatsu-bottom-divider{z-index: 9999;}.tatsu-BJtHu_vft > .tatsu-column-inner > .tatsu-left-divider{z-index: 9999;}.tatsu-BJtHu_vft > .tatsu-column-inner > .tatsu-right-divider{z-index: 9999;}@media only screen and (max-width:1377px) {.tatsu-row > .tatsu-BJtHu_vft.tatsu-column{width: 100%;}}@media only screen and (min-width:768px) and (max-width: 1024px) {.tatsu-row > .tatsu-BJtHu_vft.tatsu-column{width: 100%;}}@media only screen and (max-width: 767px) {.tatsu-row > .tatsu-BJtHu_vft.tatsu-column{width: 100%;}}<\/style><\/div><\/div><\/div><\/div><div class=\"tatsu-section-background-wrap\"><div class = \"tatsu-section-background\" ><\/div><\/div><div class=\"tatsu-overlay tatsu-section-overlay\"><\/div><style>.tatsu-rkbYS__DGY .tatsu-section-pad{padding: 90px 0px 90px 0px;}.tatsu-rkbYS__DGY .tatsu-section-offset-wrap{transform: translateY(-0px);}.tatsu-rkbYS__DGY > .tatsu-bottom-divider{z-index: 9999;}.tatsu-rkbYS__DGY > .tatsu-top-divider{z-index: 9999;}.tatsu-rkbYS__DGY .tatsu-section-overlay{mix-blend-mode: normal;}<\/style><\/div>\n","protected":false},"excerpt":{"rendered":"<p><a href=\"https:\/\/busesahumada.cl\/busesahumada.cl\/webv\/trabaja-con-nosotros\/\" class=\"more-link style3-button\">Read More<\/a><\/p>","protected":false},"author":1,"featured_media":0,"parent":0,"menu_order":0,"comment_status":"closed","ping_status":"closed","template":"","meta":{"ngg_post_thumbnail":0,"footnotes":"","_joinchat":[]},"_links":{"self":[{"href":"https:\/\/busesahumada.cl\/busesahumada.cl\/webv\/wp-json\/wp\/v2\/pages\/15923"}],"collection":[{"href":"https:\/\/busesahumada.cl\/busesahumada.cl\/webv\/wp-json\/wp\/v2\/pages"}],"about":[{"href":"https:\/\/busesahumada.cl\/busesahumada.cl\/webv\/wp-json\/wp\/v2\/types\/page"}],"author":[{"embeddable":true,"href":"https:\/\/busesahumada.cl\/busesahumada.cl\/webv\/wp-json\/wp\/v2\/users\/1"}],"replies":[{"embeddable":true,"href":"https:\/\/busesahumada.cl\/busesahumada.cl\/webv\/wp-json\/wp\/v2\/comments?post=15923"}],"version-history":[{"count":21,"href":"https:\/\/busesahumada.cl\/busesahumada.cl\/webv\/wp-json\/wp\/v2\/pages\/15923\/revisions"}],"predecessor-version":[{"id":16595,"href":"https:\/\/busesahumada.cl\/busesahumada.cl\/webv\/wp-json\/wp\/v2\/pages\/15923\/revisions\/16595"}],"wp:attachment":[{"href":"https:\/\/busesahumada.cl\/busesahumada.cl\/webv\/wp-json\/wp\/v2\/media?parent=15923"}],"curies":[{"name":"wp","href":"https:\/\/api.w.org\/{rel}","templated":true}]}}