{"id":14271,"date":"2019-01-16T18:43:04","date_gmt":"2019-01-16T18:43:04","guid":{"rendered":"http:\/\/busesahumada.cl\/busesahumada.cl\/webv\/?page_id=14271"},"modified":"2020-03-13T19:33:43","modified_gmt":"2020-03-13T23:33:43","slug":"noticia","status":"publish","type":"page","link":"https:\/\/busesahumada.cl\/busesahumada.cl\/webv\/noticia\/","title":{"rendered":"noticia"},"content":{"rendered":"<div  class=\"tatsu-fqovuj1c5i9pcvua tatsu-section  tatsu-bg-overlay   tatsu-clearfix\" data-title=\"\"  data-headerscheme=\"background--dark\"><div class='tatsu-section-pad clearfix' data-padding='{\"d\":\"200px 0% 5px 0%\"}' data-padding-top='200px'><div class=\"tatsu-row-wrap  tatsu-wrap tatsu-row-one-col tatsu-row-has-one-cols tatsu-medium-gutter tatsu-reg-cols  tatsu-clearfix tatsu-fqovuj1c6g7ijg3i\" ><div  class=\"tatsu-row \" ><div  class=\"tatsu-column  tatsu-column-no-bg tatsu-one-col tatsu-column-image-none tatsu-column-effect-none  tatsu-fqovuj1c6p2jr5iz\"  data-parallax-speed=\"0\" style=\"\"><div class=\"tatsu-column-inner \" ><div class=\"tatsu-column-pad-wrap\"><div class=\"tatsu-column-pad\" ><div  class=\"tatsu-module tatsu-text-block-wrap tatsu-fqovuj1c6vez7ajx  \"><div class=\"tatsu-text-inner tatsu-align-center  clearfix\" ><style>.tatsu-fqovuj1c6vez7ajx.tatsu-text-block-wrap .tatsu-text-inner{text-align: left;}.tatsu-fqovuj1c6vez7ajx.tatsu-text-block-wrap{margin: 70px 0px 23px 0px;}<\/style>\n<h1 style=\"text-align: center;\"><span style=\"color: #ffffff;\">Registro Voluntario de Pasajeros<\/span><\/h1>\n<\/div><\/div><\/div><\/div><div class = \"tatsu-column-bg-image-wrap\"><div class = \"tatsu-column-bg-image\" ><\/div><\/div><\/div><style>.tatsu-row > .tatsu-fqovuj1c6p2jr5iz.tatsu-column{width: 100%;}.tatsu-fqovuj1c6p2jr5iz.tatsu-column > .tatsu-column-inner > .tatsu-column-overlay{mix-blend-mode: none;}.tatsu-fqovuj1c6p2jr5iz > .tatsu-column-inner > .tatsu-top-divider{z-index: 9999;}.tatsu-fqovuj1c6p2jr5iz > .tatsu-column-inner > .tatsu-bottom-divider{z-index: 9999;}.tatsu-fqovuj1c6p2jr5iz > .tatsu-column-inner > .tatsu-left-divider{z-index: 9999;}.tatsu-fqovuj1c6p2jr5iz > .tatsu-column-inner > .tatsu-right-divider{z-index: 9999;}<\/style><\/div><\/div><\/div><\/div><div class=\"tatsu-section-background-wrap\"><div class = \"tatsu-section-background\" ><\/div><\/div><div class=\"tatsu-overlay tatsu-section-overlay\"><\/div><style>.tatsu-fqovuj1c5i9pcvua .tatsu-section-background{background-image: url(http:\/\/busesahumada.cl\/busesahumada.cl\/webv\/wp-content\/uploads\/2019\/01\/WhatsApp-Image-2019-01-09-at-7.10.05-PM.jpeg);background-repeat: repeat;background-attachment: scroll;background-position: center center;background-size: cover;}.tatsu-fqovuj1c5i9pcvua .tatsu-bg-blur{background-repeat: repeat;background-attachment: scroll;background-position: center center;background-size: cover;}.tatsu-fqovuj1c5i9pcvua{border-width: 0px 0px px 0px;border-style: solid;}.tatsu-fqovuj1c5i9pcvua .tatsu-section-pad{padding: 200px 0% 5px 0%;}.tatsu-fqovuj1c5i9pcvua > .tatsu-bottom-divider{z-index: 9999;}.tatsu-fqovuj1c5i9pcvua > .tatsu-top-divider{z-index: 9999;}.tatsu-fqovuj1c5i9pcvua .tatsu-section-overlay{background: rgba(15,86,170,0.81);mix-blend-mode: normal;}<\/style><\/div><div  class=\"tatsu-fqovuj1ca656k480 tatsu-section    tatsu-clearfix\" data-title=\"\"  data-headerscheme=\"background--light\"><div class='tatsu-section-pad clearfix' data-padding='{\"d\":\"26px 0% 15px 0%\"}' data-padding-top='26px'><div class=\"tatsu-row-wrap  tatsu-wrap tatsu-row-one-col tatsu-row-has-one-cols tatsu-medium-gutter tatsu-reg-cols  tatsu-clearfix tatsu-fqovuj1camdfc7fd\" ><div  class=\"tatsu-row \" ><div  class=\"tatsu-column  tatsu-column-no-bg tatsu-one-col tatsu-column-image-none tatsu-column-effect-none  tatsu-fqovuj1cas63vh4s\"  data-parallax-speed=\"0\" style=\"\"><div class=\"tatsu-column-inner \" ><div class=\"tatsu-column-pad-wrap\"><div class=\"tatsu-column-pad\" ><div  class=\"tatsu-module tatsu-text-block-wrap tatsu-H1DbbnE-Q  \"><div class=\"tatsu-text-inner tatsu-align-center  clearfix\" ><style>.tatsu-H1DbbnE-Q.tatsu-text-block-wrap .tatsu-text-inner{width: 100%;text-align: left;}<\/style>\n<p><img loading=\"lazy\" decoding=\"async\" class=\"wp-image-14240 size-full aligncenter\" src=\"http:\/\/busesahumada.cl\/busesahumada.cl\/webv\/wp-content\/uploads\/2018\/08\/LOGO-AHUMADA08.png\" alt=\"\" width=\"356\" height=\"52\" srcset=\"https:\/\/busesahumada.cl\/busesahumada.cl\/webv\/wp-content\/uploads\/2018\/08\/LOGO-AHUMADA08.png 356w, https:\/\/busesahumada.cl\/busesahumada.cl\/webv\/wp-content\/uploads\/2018\/08\/LOGO-AHUMADA08-300x44.png 300w, https:\/\/busesahumada.cl\/busesahumada.cl\/webv\/wp-content\/uploads\/2018\/08\/LOGO-AHUMADA08-342x50.png 342w\" sizes=\"(max-width: 356px) 100vw, 356px\" \/><\/p>\n<\/div><\/div><div  class=\"tatsu-module tatsu-text-block-wrap tatsu-fqovuj1cec48b484  \"><div class=\"tatsu-text-inner tatsu-align-center  clearfix\" ><style>.tatsu-fqovuj1cec48b484.tatsu-text-block-wrap .tatsu-text-inner{width: 91%;text-align: left;}<\/style>\n<p>El Ministerio de Transportes lanz\u00f3 este viernes el Registro Voluntario de Pasajeros, el cual tiene por finalidad que los usuarios del transporte publico registren sus viajes, de modo de ser contactados en situaciones de casos sospechosos en el mismo servicio adquirido.<\/p>\n<p>Buses Ahumada te aconseja seguir las recomendaciones sanitarias y registrar tu viaje.<\/p>\n<p>Recuerda completar el registro con informaci\u00f3n fidedigna, los datos de tu servicio est\u00e1n siempre en tu boleto, ademas si necesitas mas informaci\u00f3n del bus de tu servicio, la puedes encontrar en todos nuestros buses tras la cabina del conductor.<\/p>\n<\/div><\/div><div  class=\"tatsu-module tatsu-video tatsu-youtube-wrap tatsu-mDsZ4zjIK   \" ><div class = \"be-video-embed be-embed-placeholder\"><div class = \"be-youtube-embed\" data-video-id = \"Osrf933ppfg\" data-autoplay = \"1\" data-loop = \"0\"><\/div><\/div><\/div><\/div><\/div><div class = \"tatsu-column-bg-image-wrap\"><div class = \"tatsu-column-bg-image\" ><\/div><\/div><\/div><style>.tatsu-row > .tatsu-fqovuj1cas63vh4s.tatsu-column{width: 100%;}.tatsu-fqovuj1cas63vh4s.tatsu-column > .tatsu-column-inner > .tatsu-column-overlay{mix-blend-mode: none;}.tatsu-fqovuj1cas63vh4s > .tatsu-column-inner > .tatsu-top-divider{z-index: 9999;}.tatsu-fqovuj1cas63vh4s > .tatsu-column-inner > .tatsu-bottom-divider{z-index: 9999;}.tatsu-fqovuj1cas63vh4s > .tatsu-column-inner > .tatsu-left-divider{z-index: 9999;}.tatsu-fqovuj1cas63vh4s > .tatsu-column-inner > .tatsu-right-divider{z-index: 9999;}<\/style><\/div><\/div><\/div><\/div><div class=\"tatsu-section-background-wrap\"><div class = \"tatsu-section-background\" ><\/div><\/div><style>.tatsu-fqovuj1ca656k480{border-width: 0px 0px px 0px;border-style: solid;}.tatsu-fqovuj1ca656k480 .tatsu-section-pad{padding: 26px 0% 15px 0%;}.tatsu-fqovuj1ca656k480 > .tatsu-bottom-divider{z-index: 9999;}.tatsu-fqovuj1ca656k480 > .tatsu-top-divider{z-index: 9999;}<\/style><\/div><div  class=\"tatsu-fqovuj1e70gfxldb tatsu-section    tatsu-clearfix\" data-title=\"\"  data-headerscheme=\"background--light\"><div class='tatsu-section-pad clearfix' data-padding='{\"d\":\"0px 0% 0px 0%\"}' data-padding-top='0px'><div class=\"tatsu-row-wrap  tatsu-wrap tatsu-row-one-col tatsu-row-has-one-cols tatsu-zero-margin tatsu-medium-gutter tatsu-reg-cols  tatsu-clearfix tatsu-fqovuj1e7e8e72ax\" ><div  class=\"tatsu-row \" ><div  class=\"tatsu-column  tatsu-column-no-bg tatsu-one-col tatsu-column-image-none tatsu-column-effect-none  tatsu-fqovuj1e7jbt2qra\"  data-parallax-speed=\"0\" style=\"\"><div class=\"tatsu-column-inner \" ><div class=\"tatsu-column-pad-wrap\"><div class=\"tatsu-column-pad\" ><div  class=\"tatsu-module tatsu-call-to-action tatsu-clearfix  tatsu-fqovuj1e7rya044  \" ><div class=\"tatsu-cta-inner\"><h5 class=\"tatsu-action-content\" >Compra tus pasajes<\/h5><a class=\"mediumbtn tatsu-button rounded tatsu-action-button   \" href=\"http:\/\/busesahumada.cl\/busesahumada.cl\/webv\/#pasajes\" data-gdpr-atts={} ><span>AQU\u00cd<\/span><\/a><style>.tatsu-fqovuj1e7rya044 .tatsu-action-content{color: rgba(255,255,255,1) ;}.tatsu-fqovuj1e7rya044 .tatsu-action-button{background: rgba(243,102,44,1);border-color: rgba(243,102,44,1); }.tatsu-fqovuj1e7rya044 .tatsu-action-button:hover{background: #ffffff;border-color: #000000; }.tatsu-fqovuj1e7rya044 .tatsu-action-button span{color: rgba(255,255,255,1) ;}.tatsu-fqovuj1e7rya044 .tatsu-action-button:hover span{color: rgba(243,102,44,1) ;}<\/style><\/div><\/div><\/div><\/div><div class = \"tatsu-column-bg-image-wrap\"><div class = \"tatsu-column-bg-image\" ><\/div><\/div><\/div><style>.tatsu-row > .tatsu-fqovuj1e7jbt2qra.tatsu-column{width: 100%;}.tatsu-fqovuj1e7jbt2qra.tatsu-column > .tatsu-column-inner > .tatsu-column-overlay{mix-blend-mode: none;}.tatsu-fqovuj1e7jbt2qra > .tatsu-column-inner > .tatsu-top-divider{z-index: 9999;}.tatsu-fqovuj1e7jbt2qra > .tatsu-column-inner > .tatsu-bottom-divider{z-index: 9999;}.tatsu-fqovuj1e7jbt2qra > .tatsu-column-inner > .tatsu-left-divider{z-index: 9999;}.tatsu-fqovuj1e7jbt2qra > .tatsu-column-inner > .tatsu-right-divider{z-index: 9999;}<\/style><\/div><\/div><\/div><div class=\"tatsu-row-wrap  tatsu-wrap tatsu-row-one-col tatsu-row-has-one-cols tatsu-medium-gutter tatsu-reg-cols  tatsu-clearfix tatsu-BJgexjddZX\" ><div  class=\"tatsu-row \" ><div  class=\"tatsu-column  tatsu-column-no-bg tatsu-one-col tatsu-column-image-none tatsu-column-effect-none  tatsu-B1exi_O-X\"  data-parallax-speed=\"0\" style=\"\"><div class=\"tatsu-column-inner \" ><div class=\"tatsu-column-pad-wrap\"><div class=\"tatsu-column-pad\" ><div  class=\"tatsu-module tatsu-text-block-wrap tatsu-By8gou_b7  \"><div class=\"tatsu-text-inner tatsu-align-center  clearfix\" ><style>.tatsu-By8gou_b7.tatsu-text-block-wrap .tatsu-text-inner{width: 100%;text-align: left;}<\/style>\n<p><img loading=\"lazy\" decoding=\"async\" class=\"aligncenter wp-image-14221\" src=\"http:\/\/busesahumada.cl\/busesahumada.cl\/webv\/wp-content\/uploads\/2018\/07\/logo2-01b.png\" alt=\"\" width=\"400\" height=\"81\" srcset=\"https:\/\/busesahumada.cl\/busesahumada.cl\/webv\/wp-content\/uploads\/2018\/07\/logo2-01b.png 1000w, https:\/\/busesahumada.cl\/busesahumada.cl\/webv\/wp-content\/uploads\/2018\/07\/logo2-01b-300x61.png 300w, https:\/\/busesahumada.cl\/busesahumada.cl\/webv\/wp-content\/uploads\/2018\/07\/logo2-01b-768x155.png 768w, https:\/\/busesahumada.cl\/busesahumada.cl\/webv\/wp-content\/uploads\/2018\/07\/logo2-01b-248x50.png 248w, https:\/\/busesahumada.cl\/busesahumada.cl\/webv\/wp-content\/uploads\/2018\/07\/logo2-01b-650x131.png 650w\" sizes=\"(max-width: 400px) 100vw, 400px\" \/><\/p>\n<\/div><\/div><\/div><\/div><div class = \"tatsu-column-bg-image-wrap\"><div class = \"tatsu-column-bg-image\" ><\/div><\/div><\/div><style>.tatsu-row > .tatsu-B1exi_O-X.tatsu-column{width: 100%;}.tatsu-B1exi_O-X.tatsu-column > .tatsu-column-inner > .tatsu-column-overlay{mix-blend-mode: none;}.tatsu-B1exi_O-X > .tatsu-column-inner > .tatsu-top-divider{z-index: 9999;}.tatsu-B1exi_O-X > .tatsu-column-inner > .tatsu-bottom-divider{z-index: 9999;}.tatsu-B1exi_O-X > .tatsu-column-inner > .tatsu-left-divider{z-index: 9999;}.tatsu-B1exi_O-X > .tatsu-column-inner > .tatsu-right-divider{z-index: 9999;}<\/style><\/div><\/div><\/div><\/div><div class=\"tatsu-section-background-wrap\"><div class = \"tatsu-section-background\" ><\/div><\/div><style>.tatsu-fqovuj1e70gfxldb.tatsu-section{background-color: rgba(34,96,165,1);}.tatsu-fqovuj1e70gfxldb{border-width: 0px 0px px 0px;border-style: solid;}.tatsu-fqovuj1e70gfxldb .tatsu-section-pad{padding: 0px 0% 0px 0%;}.tatsu-fqovuj1e70gfxldb > .tatsu-bottom-divider{z-index: 9999;}.tatsu-fqovuj1e70gfxldb > .tatsu-top-divider{z-index: 9999;}<\/style><\/div><div  class=\"tatsu-S1ZOY9OOb7 tatsu-section    tatsu-clearfix\" data-title=\"\"  data-headerscheme=\"background--dark\"><div class='tatsu-section-pad clearfix' data-padding='{\"d\":\"0px 0px 90px 0px \"}' data-padding-top='0px'><div class=\"tatsu-row-wrap  tatsu-wrap tatsu-row-one-col tatsu-row-has-one-cols tatsu-medium-gutter tatsu-reg-cols  tatsu-clearfix tatsu-S1xbR9OOZm\" ><div  class=\"tatsu-row \" ><div  class=\"tatsu-column  tatsu-column-no-bg tatsu-one-col tatsu-column-image-none tatsu-column-effect-none  tatsu-rk-CcudZ7\"  data-parallax-speed=\"0\" style=\"\"><div class=\"tatsu-column-inner \" ><div class=\"tatsu-column-pad-wrap\"><div class=\"tatsu-column-pad\" ><div  class=\"tatsu-module tatsu-text-block-wrap tatsu-H1aA5d_-7  \"><div class=\"tatsu-text-inner tatsu-align-center  clearfix\" ><style>.tatsu-H1aA5d_-7.tatsu-text-block-wrap .tatsu-text-inner{width: 100%;text-align: left;}<\/style>\n<p><img loading=\"lazy\" decoding=\"async\" class=\"aligncenter wp-image-14222\" src=\"http:\/\/busesahumada.cl\/busesahumada.cl\/webv\/wp-content\/uploads\/2018\/07\/logo2-02b.png\" alt=\"\" width=\"400\" height=\"81\" srcset=\"https:\/\/busesahumada.cl\/busesahumada.cl\/webv\/wp-content\/uploads\/2018\/07\/logo2-02b.png 1000w, https:\/\/busesahumada.cl\/busesahumada.cl\/webv\/wp-content\/uploads\/2018\/07\/logo2-02b-300x61.png 300w, https:\/\/busesahumada.cl\/busesahumada.cl\/webv\/wp-content\/uploads\/2018\/07\/logo2-02b-768x155.png 768w, https:\/\/busesahumada.cl\/busesahumada.cl\/webv\/wp-content\/uploads\/2018\/07\/logo2-02b-248x50.png 248w, https:\/\/busesahumada.cl\/busesahumada.cl\/webv\/wp-content\/uploads\/2018\/07\/logo2-02b-650x131.png 650w\" sizes=\"(max-width: 400px) 100vw, 400px\" \/><\/p>\n<\/div><\/div><\/div><\/div><div class = \"tatsu-column-bg-image-wrap\"><div class = \"tatsu-column-bg-image\" ><\/div><\/div><\/div><style>.tatsu-row > .tatsu-rk-CcudZ7.tatsu-column{width: 100%;}.tatsu-rk-CcudZ7.tatsu-column > .tatsu-column-inner > .tatsu-column-overlay{mix-blend-mode: none;}.tatsu-rk-CcudZ7 > .tatsu-column-inner > .tatsu-top-divider{z-index: 9999;}.tatsu-rk-CcudZ7 > .tatsu-column-inner > .tatsu-bottom-divider{z-index: 9999;}.tatsu-rk-CcudZ7 > .tatsu-column-inner > .tatsu-left-divider{z-index: 9999;}.tatsu-rk-CcudZ7 > .tatsu-column-inner > .tatsu-right-divider{z-index: 9999;}<\/style><\/div><\/div><\/div><div class=\"tatsu-row-wrap  tatsu-wrap tatsu-row-has-four-cols tatsu-medium-gutter tatsu-reg-cols  tatsu-clearfix tatsu-Hkg_K9__WX\" ><div  class=\"tatsu-row \" ><div  class=\"tatsu-column  tatsu-column-no-bg tatsu-one-fourth tatsu-column-image-none tatsu-column-effect-none  tatsu-HJh9c_dZ7\"  data-parallax-speed=\"0\" style=\"\"><div class=\"tatsu-column-inner \" ><div class=\"tatsu-column-pad-wrap\"><div class=\"tatsu-column-pad\" ><div  class=\"tatsu-module tatsu-text-block-wrap tatsu-BJEs9d_bQ  \"><div class=\"tatsu-text-inner tatsu-align-center  clearfix\" ><style>.tatsu-BJEs9d_bQ.tatsu-text-block-wrap .tatsu-text-inner{width: 100%;text-align: left;}<\/style>\n<h6 class=\"widget-title\"><span style=\"color: #808080;\"><strong>DIRECCI\u00d3N<\/strong><\/span><\/h6>\n<div class=\"textwidget\">\n<p><strong>Yerbas Buenas #650<\/strong><br \/>\nLos Andes<br \/>\nRegi\u00f3n de Valparaiso<\/p>\n<\/div>\n<\/div><\/div><\/div><\/div><div class = \"tatsu-column-bg-image-wrap\"><div class = \"tatsu-column-bg-image\" ><\/div><\/div><\/div><style>.tatsu-row > .tatsu-HJh9c_dZ7.tatsu-column{width: 25%;}.tatsu-HJh9c_dZ7.tatsu-column > .tatsu-column-inner > .tatsu-column-overlay{mix-blend-mode: none;}.tatsu-HJh9c_dZ7 > .tatsu-column-inner > .tatsu-top-divider{z-index: 9999;}.tatsu-HJh9c_dZ7 > .tatsu-column-inner > .tatsu-bottom-divider{z-index: 9999;}.tatsu-HJh9c_dZ7 > .tatsu-column-inner > .tatsu-left-divider{z-index: 9999;}.tatsu-HJh9c_dZ7 > .tatsu-column-inner > .tatsu-right-divider{z-index: 9999;}@media only screen and (max-width: 767px) {.tatsu-row > .tatsu-HJh9c_dZ7.tatsu-column{width: 100%;}}<\/style><\/div><div  class=\"tatsu-column  tatsu-column-no-bg tatsu-one-fourth tatsu-column-image-none tatsu-column-effect-none  tatsu-SJx7bMdO-7\"  data-parallax-speed=\"0\" style=\"\"><div class=\"tatsu-column-inner \" ><div class=\"tatsu-column-pad-wrap\"><div class=\"tatsu-column-pad\" ><div  class=\"tatsu-module tatsu-text-block-wrap tatsu-Hyp7zOObQ  \"><div class=\"tatsu-text-inner tatsu-align-center  clearfix\" ><style>.tatsu-Hyp7zOObQ.tatsu-text-block-wrap .tatsu-text-inner{width: 100%;text-align: left;}<\/style>\n<h6><strong><span style=\"color: #808080;\">TEL\u00c9FONOS<\/span><\/strong><\/h6>\n<p><strong>Venta de Pasajes Los Andes:<\/strong> 342210329 &#8211; 342210330<br \/>\n<strong>Venta de Pasajes San Felipe:<\/strong> 342210342 &#8211; 342210343<br \/>\n<strong>Consultas compras Online:<\/strong><\/p>\n<p>600 3600 224<\/p>\n<\/div><\/div><\/div><\/div><div class = \"tatsu-column-bg-image-wrap\"><div class = \"tatsu-column-bg-image\" ><\/div><\/div><\/div><style>.tatsu-row > .tatsu-SJx7bMdO-7.tatsu-column{width: 25%;}.tatsu-SJx7bMdO-7.tatsu-column > .tatsu-column-inner > .tatsu-column-overlay{mix-blend-mode: none;}.tatsu-SJx7bMdO-7 > .tatsu-column-inner > .tatsu-top-divider{z-index: 9999;}.tatsu-SJx7bMdO-7 > .tatsu-column-inner > .tatsu-bottom-divider{z-index: 9999;}.tatsu-SJx7bMdO-7 > .tatsu-column-inner > .tatsu-left-divider{z-index: 9999;}.tatsu-SJx7bMdO-7 > .tatsu-column-inner > .tatsu-right-divider{z-index: 9999;}@media only screen and (max-width: 767px) {.tatsu-row > .tatsu-SJx7bMdO-7.tatsu-column{width: 100%;}}<\/style><\/div><div  class=\"tatsu-column  tatsu-column-no-bg tatsu-one-fourth tatsu-column-image-none tatsu-column-effect-none  tatsu-HJWXZGOuZQ\"  data-parallax-speed=\"0\" style=\"\"><div class=\"tatsu-column-inner \" ><div class=\"tatsu-column-pad-wrap\"><div class=\"tatsu-column-pad\" ><div  class=\"tatsu-module tatsu-text-block-wrap tatsu-r18Nf_dZX  \"><div class=\"tatsu-text-inner tatsu-align-center  clearfix\" ><style>.tatsu-r18Nf_dZX.tatsu-text-block-wrap .tatsu-text-inner{width: 100%;text-align: left;}<\/style>\n<h6><span style=\"color: #808080;\"><strong>ENCOMIENDAS<\/strong><\/span><\/h6>\n<p><strong>Santiago:<\/strong> 342210354<br \/>\n<strong>Los Andes:<\/strong> 34 2210306<br \/>\n<strong>San Felipe:<\/strong> 34 2210346<\/p>\n<\/div><\/div><\/div><\/div><div class = \"tatsu-column-bg-image-wrap\"><div class = \"tatsu-column-bg-image\" ><\/div><\/div><\/div><style>.tatsu-row > .tatsu-HJWXZGOuZQ.tatsu-column{width: 25%;}.tatsu-HJWXZGOuZQ.tatsu-column > .tatsu-column-inner > .tatsu-column-overlay{mix-blend-mode: none;}.tatsu-HJWXZGOuZQ > .tatsu-column-inner > .tatsu-top-divider{z-index: 9999;}.tatsu-HJWXZGOuZQ > .tatsu-column-inner > .tatsu-bottom-divider{z-index: 9999;}.tatsu-HJWXZGOuZQ > .tatsu-column-inner > .tatsu-left-divider{z-index: 9999;}.tatsu-HJWXZGOuZQ > .tatsu-column-inner > .tatsu-right-divider{z-index: 9999;}@media only screen and (max-width: 767px) {.tatsu-row > .tatsu-HJWXZGOuZQ.tatsu-column{width: 100%;}}<\/style><\/div><div  class=\"tatsu-column  tatsu-column-no-bg tatsu-one-fourth tatsu-column-image-none tatsu-column-effect-none  tatsu-r1Mm-fOOWm\"  data-parallax-speed=\"0\" style=\"\"><div class=\"tatsu-column-inner \" ><div class=\"tatsu-column-pad-wrap\"><div class=\"tatsu-column-pad\" ><div  class=\"tatsu-module tatsu-text-block-wrap tatsu-S1JUM_uWX  \"><div class=\"tatsu-text-inner tatsu-align-center  clearfix\" ><style>.tatsu-S1JUM_uWX.tatsu-text-block-wrap .tatsu-text-inner{width: 100%;text-align: left;}<\/style>\n<h6 class=\"widget-title\"><span style=\"color: #808080;\"><strong>CONT\u00c1CTANOS<\/strong><\/span><\/h6>\n<div class=\"textwidget\">\n<p><strong>Postulaciones:<\/strong> rrhh@busesahumada.cl<br \/>\n<strong>Informaci\u00f3n y Contacto:<\/strong> contacto@busesahumada.cl<\/p>\n<\/div>\n<\/div><\/div><\/div><\/div><div class = \"tatsu-column-bg-image-wrap\"><div class = \"tatsu-column-bg-image\" ><\/div><\/div><\/div><style>.tatsu-row > .tatsu-r1Mm-fOOWm.tatsu-column{width: 25%;}.tatsu-r1Mm-fOOWm.tatsu-column > .tatsu-column-inner > .tatsu-column-overlay{mix-blend-mode: none;}.tatsu-r1Mm-fOOWm > .tatsu-column-inner > .tatsu-top-divider{z-index: 9999;}.tatsu-r1Mm-fOOWm > .tatsu-column-inner > .tatsu-bottom-divider{z-index: 9999;}.tatsu-r1Mm-fOOWm > .tatsu-column-inner > .tatsu-left-divider{z-index: 9999;}.tatsu-r1Mm-fOOWm > .tatsu-column-inner > .tatsu-right-divider{z-index: 9999;}@media only screen and (max-width: 767px) {.tatsu-row > .tatsu-r1Mm-fOOWm.tatsu-column{width: 100%;}}<\/style><\/div><\/div><\/div><\/div><div class=\"tatsu-section-background-wrap\"><div class = \"tatsu-section-background\" ><\/div><\/div><style>.tatsu-S1ZOY9OOb7.tatsu-section{background-color: rgba(22,22,22,1);}.tatsu-S1ZOY9OOb7 .tatsu-section-pad{padding: 0px 0px 90px 0px ;}.tatsu-S1ZOY9OOb7 > .tatsu-bottom-divider{z-index: 9999;}.tatsu-S1ZOY9OOb7 > .tatsu-top-divider{z-index: 9999;}<\/style><\/div><div  class=\"tatsu-r1bT1oa-Gm tatsu-section    tatsu-clearfix\" data-title=\"\"  data-headerscheme=\"background--dark\"><div class='tatsu-section-pad clearfix' data-padding='{\"d\":\"10px 0px 10px 0px \"}' data-padding-top='10px'><div class=\"tatsu-row-wrap  tatsu-wrap tatsu-row-one-col tatsu-row-has-one-cols tatsu-medium-gutter tatsu-reg-cols  tatsu-clearfix tatsu-r1gpyiabf7\" ><div  class=\"tatsu-row \" ><div  class=\"tatsu-column  tatsu-column-no-bg tatsu-one-col tatsu-column-image-none tatsu-column-effect-none  tatsu-Hy6Ji6Zf7\"  data-parallax-speed=\"0\" style=\"\"><div class=\"tatsu-column-inner \" ><div class=\"tatsu-column-pad-wrap\"><div class=\"tatsu-column-pad\" ><div  class=\"tatsu-module tatsu-text-block-wrap tatsu-BJIeo6-MX  \"><div class=\"tatsu-text-inner tatsu-align-center  clearfix\" ><style>.tatsu-BJIeo6-MX.tatsu-text-block-wrap .tatsu-text-inner{width: 100%;text-align: left;}<\/style>\n<p style=\"text-align: center;\"><span style=\"font-size: 9pt; color: #ffffff;\"><a style=\"color: #ffffff;\" href=\"http:\/\/busesahumada.cl\/busesahumada.cl\/webv\/reglamento-servicios-internacionales\/\">Reglamento servicios internacionales<\/a>\u00a0 \u00a0|\u00a0 \u00a0<a style=\"color: #ffffff;\" href=\"http:\/\/busesahumada.cl\/busesahumada.cl\/webv\/condiciones-transporte-de-equipaje\/\">Condiciones transporte de equipaje<\/a><\/span><\/p>\n<\/div><\/div><\/div><\/div><div class = \"tatsu-column-bg-image-wrap\"><div class = \"tatsu-column-bg-image\" ><\/div><\/div><\/div><style>.tatsu-row > .tatsu-Hy6Ji6Zf7.tatsu-column{width: 100%;}.tatsu-Hy6Ji6Zf7.tatsu-column > .tatsu-column-inner > .tatsu-column-overlay{mix-blend-mode: none;}.tatsu-Hy6Ji6Zf7 > .tatsu-column-inner > .tatsu-top-divider{z-index: 9999;}.tatsu-Hy6Ji6Zf7 > .tatsu-column-inner > .tatsu-bottom-divider{z-index: 9999;}.tatsu-Hy6Ji6Zf7 > .tatsu-column-inner > .tatsu-left-divider{z-index: 9999;}.tatsu-Hy6Ji6Zf7 > .tatsu-column-inner > .tatsu-right-divider{z-index: 9999;}<\/style><\/div><\/div><\/div><\/div><div class=\"tatsu-section-background-wrap\"><div class = \"tatsu-section-background\" ><\/div><\/div><style>.tatsu-r1bT1oa-Gm.tatsu-section{background-color: rgba(0,0,0,1);}.tatsu-r1bT1oa-Gm .tatsu-section-pad{padding: 10px 0px 10px 0px ;}.tatsu-r1bT1oa-Gm > .tatsu-bottom-divider{z-index: 9999;}.tatsu-r1bT1oa-Gm > .tatsu-top-divider{z-index: 9999;}<\/style><\/div>\n","protected":false},"excerpt":{"rendered":"<p><a href=\"https:\/\/busesahumada.cl\/busesahumada.cl\/webv\/noticia\/\" class=\"more-link style3-button\">Read More<\/a><\/p>","protected":false},"author":1,"featured_media":0,"parent":0,"menu_order":0,"comment_status":"closed","ping_status":"closed","template":"","meta":{"ngg_post_thumbnail":0,"footnotes":"","_joinchat":[]},"_links":{"self":[{"href":"https:\/\/busesahumada.cl\/busesahumada.cl\/webv\/wp-json\/wp\/v2\/pages\/14271"}],"collection":[{"href":"https:\/\/busesahumada.cl\/busesahumada.cl\/webv\/wp-json\/wp\/v2\/pages"}],"about":[{"href":"https:\/\/busesahumada.cl\/busesahumada.cl\/webv\/wp-json\/wp\/v2\/types\/page"}],"author":[{"embeddable":true,"href":"https:\/\/busesahumada.cl\/busesahumada.cl\/webv\/wp-json\/wp\/v2\/users\/1"}],"replies":[{"embeddable":true,"href":"https:\/\/busesahumada.cl\/busesahumada.cl\/webv\/wp-json\/wp\/v2\/comments?post=14271"}],"version-history":[{"count":17,"href":"https:\/\/busesahumada.cl\/busesahumada.cl\/webv\/wp-json\/wp\/v2\/pages\/14271\/revisions"}],"predecessor-version":[{"id":14928,"href":"https:\/\/busesahumada.cl\/busesahumada.cl\/webv\/wp-json\/wp\/v2\/pages\/14271\/revisions\/14928"}],"wp:attachment":[{"href":"https:\/\/busesahumada.cl\/busesahumada.cl\/webv\/wp-json\/wp\/v2\/media?parent=14271"}],"curies":[{"name":"wp","href":"https:\/\/api.w.org\/{rel}","templated":true}]}}