{"id":14181,"date":"2018-07-10T00:34:38","date_gmt":"2018-07-10T00:34:38","guid":{"rendered":"http:\/\/busesahumada.cl\/busesahumada.cl\/webv\/?page_id=14181"},"modified":"2025-06-03T18:27:20","modified_gmt":"2025-06-03T22:27:20","slug":"informacion-antes-de-viajar","status":"publish","type":"page","link":"https:\/\/busesahumada.cl\/busesahumada.cl\/webv\/informacion-antes-de-viajar\/","title":{"rendered":"Informaci\u00f3n antes de viajar"},"content":{"rendered":"<div  class=\"tatsu-SJE_pLdW7 tatsu-section  tatsu-bg-overlay   tatsu-clearfix\" data-title=\"\"  data-headerscheme=\"background--dark\"><div class='tatsu-section-pad clearfix' data-padding='{\"d\":\"200px 0px 100px 0px \"}' data-padding-top='200px'><div class=\"tatsu-row-wrap  tatsu-wrap tatsu-row-one-col tatsu-row-has-one-cols tatsu-medium-gutter tatsu-reg-cols  tatsu-clearfix tatsu-SklE_68_WX\" ><div  class=\"tatsu-row \" ><div  class=\"tatsu-column  tatsu-column-no-bg tatsu-one-col tatsu-column-image-none tatsu-column-effect-none  tatsu-SyZNOpIu-Q\"  data-parallax-speed=\"0\" style=\"\"><div class=\"tatsu-column-inner \" ><div class=\"tatsu-column-pad-wrap\"><div class=\"tatsu-column-pad\" ><div  class=\"tatsu-module tatsu-inline-text clearfix tatsu-BkzV_TIu-X   \" ><style>.tatsu-BkzV_TIu-X .tatsu-inline-text-inner{width: 100%;text-align: left;}<\/style><div class=\"tatsu-inline-text-inner tatsu-align-center\">\n<h2 style=\"text-align: center;\"><span style=\"color: #ffffff;\">Informaci\u00f3n antes de viajar<\/span><\/h2>\n<\/div><\/div><\/div><\/div><div class = \"tatsu-column-bg-image-wrap\"><div class = \"tatsu-column-bg-image\" ><\/div><\/div><\/div><style>.tatsu-row > .tatsu-SyZNOpIu-Q.tatsu-column{width: 100%;}.tatsu-SyZNOpIu-Q.tatsu-column > .tatsu-column-inner > .tatsu-column-overlay{mix-blend-mode: none;}.tatsu-SyZNOpIu-Q > .tatsu-column-inner > .tatsu-top-divider{z-index: 9999;}.tatsu-SyZNOpIu-Q > .tatsu-column-inner > .tatsu-bottom-divider{z-index: 9999;}.tatsu-SyZNOpIu-Q > .tatsu-column-inner > .tatsu-left-divider{z-index: 9999;}.tatsu-SyZNOpIu-Q > .tatsu-column-inner > .tatsu-right-divider{z-index: 9999;}<\/style><\/div><\/div><\/div><\/div><div class=\"tatsu-section-background-wrap\"><div class = \"tatsu-section-background\" ><\/div><\/div><div class=\"tatsu-overlay tatsu-section-overlay\"><\/div><style>.tatsu-SJE_pLdW7 .tatsu-section-background{background-image: url(http:\/\/busesahumada.cl\/busesahumada.cl\/webv\/wp-content\/uploads\/2018\/06\/portada.jpg);background-repeat: no-repeat;background-attachment: scroll;background-position: center center;background-size: cover;}.tatsu-SJE_pLdW7 .tatsu-bg-blur{background-repeat: no-repeat;background-attachment: scroll;background-position: center center;background-size: cover;}.tatsu-SJE_pLdW7 .tatsu-section-pad{padding: 200px 0px 100px 0px ;}.tatsu-SJE_pLdW7 > .tatsu-bottom-divider{z-index: 9999;}.tatsu-SJE_pLdW7 > .tatsu-top-divider{z-index: 9999;}.tatsu-SJE_pLdW7 .tatsu-section-overlay{background: rgba(15,86,170,0.81);mix-blend-mode: normal;}<\/style><\/div><div  class=\"tatsu-H1-iThnWMQ tatsu-section    tatsu-clearfix\" data-title=\"\"  data-headerscheme=\"background--dark\"><div class='tatsu-section-pad clearfix' data-padding='{\"d\":\"90px 0px 90px 0px \"}' data-padding-top='90px'><div class=\"tatsu-row-wrap  tatsu-wrap tatsu-row-has-one-half tatsu-row-has-three-cols tatsu-medium-gutter tatsu-reg-cols  tatsu-clearfix tatsu-BJloa32ZzQ\" ><div  class=\"tatsu-row \" ><div  class=\"tatsu-column  tatsu-column-no-bg tatsu-column-empty tatsu-one-fourth tatsu-column-image-none tatsu-column-effect-none  tatsu-rJQXeaZGQ\"  data-parallax-speed=\"0\" style=\"\"><div class=\"tatsu-column-inner \" ><div class=\"tatsu-column-pad-wrap\"><div class=\"tatsu-column-pad\" ><\/div><\/div><div class = \"tatsu-column-bg-image-wrap\"><div class = \"tatsu-column-bg-image\" ><\/div><\/div><\/div><style>.tatsu-row > .tatsu-rJQXeaZGQ.tatsu-column{width: 25%;}.tatsu-rJQXeaZGQ.tatsu-column > .tatsu-column-inner > .tatsu-column-overlay{mix-blend-mode: none;}.tatsu-rJQXeaZGQ > .tatsu-column-inner > .tatsu-top-divider{z-index: 9999;}.tatsu-rJQXeaZGQ > .tatsu-column-inner > .tatsu-bottom-divider{z-index: 9999;}.tatsu-rJQXeaZGQ > .tatsu-column-inner > .tatsu-left-divider{z-index: 9999;}.tatsu-rJQXeaZGQ > .tatsu-column-inner > .tatsu-right-divider{z-index: 9999;}@media only screen and (max-width: 767px) {.tatsu-row > .tatsu-rJQXeaZGQ.tatsu-column{width: 100%;}}<\/style><\/div><div  class=\"tatsu-column  tatsu-column-no-bg tatsu-one-half tatsu-column-image-none tatsu-column-effect-none  tatsu-r1eXXe6bzm\"  data-parallax-speed=\"0\" style=\"\"><div class=\"tatsu-column-inner \" ><div class=\"tatsu-column-pad-wrap\"><div class=\"tatsu-column-pad\" ><div  class=\"tatsu-module tatsu-text-block-wrap tatsu-ryi_phbf7  \"><div class=\"tatsu-text-inner tatsu-align-center  clearfix\" ><style>.tatsu-ryi_phbf7.tatsu-text-block-wrap .tatsu-text-inner{width: 100%;text-align: left;}<\/style>\n<p style=\"text-align: center;\"><strong>Antes de viajar es importante que conozcas la siguiente informaci\u00f3n:<\/strong><\/p>\n<h4>Seguridad:<\/h4>\n<ul>\n<li>Antes de comenzar el viaje ajuste su cintur\u00f3n de seguridad y mant\u00e9ngalo as\u00ed durante todo el trayecto. Su uso es obligatorio y puede salvar su vida en caso de accidente. No da\u00f1e el cintur\u00f3n, cu\u00eddelo.<\/li>\n<li>La velocidad del bus por normativa debe reflejarse en el panel digital. Si excede los 100 km\/h sonar\u00e1 una alarma. Usted puede exigir al conductor que disminuya la velocidad. Es su derecho.<\/li>\n<\/ul>\n<h4>Equipaje:<\/h4>\n<ul>\n<li><em><strong>\u00bfPuedo llevar bicicleta?<\/strong><\/em><\/li>\n<li>Si, siempre y cuando exista disponibilidad de espacio.<\/li>\n<li><em><strong>\u00bfHay un limite de equipaje?<\/strong><\/em><\/li>\n<li>Si, el equipaje no debe exceder los 30 kilos ni los 180 dec\u00edmetros c\u00fabicos.<\/li>\n<li><em><strong>\u00bfQue pasa si se pierde mi equipaje?<\/strong><\/em><\/li>\n<li>Deber\u00e1 presentar un reclamo formal en el terminal de destino. El supervisor asignado tomara su reclamo para hacer el seguimiento correspondiente. Este reclamo no debe ser mas alla de 24 horas despu\u00e9s de haberse presentado la p\u00e9rdida del equipaje.<\/li>\n<\/ul>\n<p>M\u00e1s informaci\u00f3n en nuestras <a href=\"http:\/\/busesahumada.cl\/busesahumada.cl\/webv\/condiciones-transporte-de-equipaje\/\">\u201cCondiciones de Transporte de Equipaje\u201d<\/a><\/p>\n<h4><strong>Valores:<\/strong><\/h4>\n<ul>\n<li><em><strong>\u00bfLos ni\u00f1os pagan pasaje?<\/strong><\/em><\/li>\n<li>En nuestra empresa los ni\u00f1os est\u00e1n exentos del pago hasta los 6 a\u00f1os, siempre que no superen los 120 cms de altura.<\/li>\n<li><em><strong>\u00bfLos ni\u00f1os que no pagan pasaje pueden ocupar un asiento?<\/strong><\/em><\/li>\n<li>No, de acuerdo a la normativa vigente<\/li>\n<li><em><strong>\u00bfPuedo tener tarifa rebajada?<\/strong><\/em><\/li>\n<li>Si, en nuestro tramo nacional, para ello debe ser beneficiario de Pase estudiante y\/o Frecuente<\/li>\n<\/ul>\n<h4>Pasajeros Frecuentes<\/h4>\n<ul>\n<li><em><strong>\u00bfEn qu\u00e9 consiste?<\/strong><\/em><\/li>\n<li>En un beneficio otorgado a los clientes de Buses Ahumada para obtener tarifa rebajada de nuestros servicios.<\/li>\n<li><em><strong>\u00bfCuales son los requisitos?<\/strong><\/em><\/li>\n<li><a href=\"http:\/\/busesahumada.cl\/busesahumada.cl\/webv\/pasajero-frecuente\/\">Mas informaci\u00f3n ac\u00e1<\/a><\/li>\n<\/ul>\n<\/div><\/div><\/div><\/div><div class = \"tatsu-column-bg-image-wrap\"><div class = \"tatsu-column-bg-image\" ><\/div><\/div><\/div><style>.tatsu-row > .tatsu-r1eXXe6bzm.tatsu-column{width: 50%;}.tatsu-r1eXXe6bzm.tatsu-column > .tatsu-column-inner > .tatsu-column-overlay{mix-blend-mode: none;}.tatsu-r1eXXe6bzm > .tatsu-column-inner > .tatsu-top-divider{z-index: 9999;}.tatsu-r1eXXe6bzm > .tatsu-column-inner > .tatsu-bottom-divider{z-index: 9999;}.tatsu-r1eXXe6bzm > .tatsu-column-inner > .tatsu-left-divider{z-index: 9999;}.tatsu-r1eXXe6bzm > .tatsu-column-inner > .tatsu-right-divider{z-index: 9999;}@media only screen and (max-width: 767px) {.tatsu-row > .tatsu-r1eXXe6bzm.tatsu-column{width: 100%;}}<\/style><\/div><div  class=\"tatsu-column  tatsu-column-no-bg tatsu-column-empty tatsu-one-fourth tatsu-column-image-none tatsu-column-effect-none  tatsu-BJ-mQeTZGm\"  data-parallax-speed=\"0\" style=\"\"><div class=\"tatsu-column-inner \" ><div class=\"tatsu-column-pad-wrap\"><div class=\"tatsu-column-pad\" ><\/div><\/div><div class = \"tatsu-column-bg-image-wrap\"><div class = \"tatsu-column-bg-image\" ><\/div><\/div><\/div><style>.tatsu-row > .tatsu-BJ-mQeTZGm.tatsu-column{width: 25%;}.tatsu-BJ-mQeTZGm.tatsu-column > .tatsu-column-inner > .tatsu-column-overlay{mix-blend-mode: none;}.tatsu-BJ-mQeTZGm > .tatsu-column-inner > .tatsu-top-divider{z-index: 9999;}.tatsu-BJ-mQeTZGm > .tatsu-column-inner > .tatsu-bottom-divider{z-index: 9999;}.tatsu-BJ-mQeTZGm > .tatsu-column-inner > .tatsu-left-divider{z-index: 9999;}.tatsu-BJ-mQeTZGm > .tatsu-column-inner > .tatsu-right-divider{z-index: 9999;}@media only screen and (max-width: 767px) {.tatsu-row > .tatsu-BJ-mQeTZGm.tatsu-column{width: 100%;}}<\/style><\/div><\/div><\/div><\/div><div class=\"tatsu-section-background-wrap\"><div class = \"tatsu-section-background\" ><\/div><\/div><style>.tatsu-H1-iThnWMQ .tatsu-section-pad{padding: 90px 0px 90px 0px ;}.tatsu-H1-iThnWMQ > .tatsu-bottom-divider{z-index: 9999;}.tatsu-H1-iThnWMQ > .tatsu-top-divider{z-index: 9999;}<\/style><\/div><div  class=\"tatsu-B1c7odd-m tatsu-section    tatsu-clearfix\" data-title=\"\"  data-headerscheme=\"background--dark\"><div class='tatsu-section-pad clearfix' data-padding='{\"d\":\"20px 0px 0px 0px \"}' data-padding-top='20px'><div class=\"tatsu-row-wrap  tatsu-row-full-width tatsu-row-one-col tatsu-row-has-one-cols tatsu-zero-margin tatsu-medium-gutter tatsu-reg-cols  tatsu-clearfix tatsu-SkxcQouu-X\" ><div  class=\"tatsu-row \" ><div  class=\"tatsu-column  tatsu-column-no-bg tatsu-one-col tatsu-column-image-none tatsu-column-effect-none  tatsu-S1ZcmjdOWX\"  data-parallax-speed=\"0\" style=\"\"><div class=\"tatsu-column-inner \" ><div class=\"tatsu-column-pad-wrap\"><div class=\"tatsu-column-pad\" ><div  class=\"tatsu-module tatsu-call-to-action tatsu-clearfix  tatsu-BJfcQiO_Z7  \" ><div class=\"tatsu-cta-inner\"><h5 class=\"tatsu-action-content\" >Cotiza tus pasajes de Buses Ahumada<\/h5><a class=\"mediumbtn tatsu-button rounded tatsu-action-button   \" href=\"http:\/\/busesahumada.cl\/busesahumada.cl\/webv\/#pasajes\" data-gdpr-atts={} ><span>AQU\u00cd<\/span><\/a><style>.tatsu-BJfcQiO_Z7 .tatsu-action-content{color: #ffffff ;}.tatsu-BJfcQiO_Z7 .tatsu-action-button{background: rgba(243,102,44,1);border-color: #ffffff; }.tatsu-BJfcQiO_Z7 .tatsu-action-button:hover{background: #ffffff;border-color: #ffffff; }.tatsu-BJfcQiO_Z7 .tatsu-action-button span{color: #ffffff ;}.tatsu-BJfcQiO_Z7 .tatsu-action-button:hover span{color: rgba(243,102,44,1) ;}<\/style><\/div><\/div><\/div><\/div><div class = \"tatsu-column-bg-image-wrap\"><div class = \"tatsu-column-bg-image\" ><\/div><\/div><\/div><style>.tatsu-row > .tatsu-S1ZcmjdOWX.tatsu-column{width: 100%;}.tatsu-S1ZcmjdOWX.tatsu-column > .tatsu-column-inner > .tatsu-column-overlay{mix-blend-mode: none;}.tatsu-S1ZcmjdOWX > .tatsu-column-inner > .tatsu-top-divider{z-index: 9999;}.tatsu-S1ZcmjdOWX > .tatsu-column-inner > .tatsu-bottom-divider{z-index: 9999;}.tatsu-S1ZcmjdOWX > .tatsu-column-inner > .tatsu-left-divider{z-index: 9999;}.tatsu-S1ZcmjdOWX > .tatsu-column-inner > .tatsu-right-divider{z-index: 9999;}<\/style><\/div><\/div><\/div><div class=\"tatsu-row-wrap  tatsu-wrap tatsu-row-one-col tatsu-row-has-one-cols tatsu-medium-gutter tatsu-reg-cols  tatsu-clearfix tatsu-HkxzwiOuWX\" ><div  class=\"tatsu-row \" ><div  class=\"tatsu-column  tatsu-column-no-bg tatsu-one-col tatsu-column-image-none tatsu-column-effect-none  tatsu-HkMvj__Wm\"  data-parallax-speed=\"0\" style=\"\"><div class=\"tatsu-column-inner \" ><div class=\"tatsu-column-pad-wrap\"><div class=\"tatsu-column-pad\" ><div  class=\"tatsu-module tatsu-text-block-wrap tatsu-r1qPjOd-7  \"><div class=\"tatsu-text-inner tatsu-align-center  clearfix\" ><style>.tatsu-r1qPjOd-7.tatsu-text-block-wrap .tatsu-text-inner{width: 100%;text-align: left;}<\/style>\n<p><img loading=\"lazy\" decoding=\"async\" class=\"wp-image-14221 aligncenter\" src=\"http:\/\/busesahumada.cl\/busesahumada.cl\/webv\/wp-content\/uploads\/2018\/07\/logo2-01b.png\" alt=\"\" width=\"400\" height=\"81\" srcset=\"https:\/\/busesahumada.cl\/busesahumada.cl\/webv\/wp-content\/uploads\/2018\/07\/logo2-01b.png 1000w, https:\/\/busesahumada.cl\/busesahumada.cl\/webv\/wp-content\/uploads\/2018\/07\/logo2-01b-300x61.png 300w, https:\/\/busesahumada.cl\/busesahumada.cl\/webv\/wp-content\/uploads\/2018\/07\/logo2-01b-768x155.png 768w, https:\/\/busesahumada.cl\/busesahumada.cl\/webv\/wp-content\/uploads\/2018\/07\/logo2-01b-248x50.png 248w, https:\/\/busesahumada.cl\/busesahumada.cl\/webv\/wp-content\/uploads\/2018\/07\/logo2-01b-650x131.png 650w\" sizes=\"(max-width: 400px) 100vw, 400px\" \/><\/p>\n<\/div><\/div><\/div><\/div><div class = \"tatsu-column-bg-image-wrap\"><div class = \"tatsu-column-bg-image\" ><\/div><\/div><\/div><style>.tatsu-row > .tatsu-HkMvj__Wm.tatsu-column{width: 100%;}.tatsu-HkMvj__Wm.tatsu-column > .tatsu-column-inner > .tatsu-column-overlay{mix-blend-mode: none;}.tatsu-HkMvj__Wm > .tatsu-column-inner > .tatsu-top-divider{z-index: 9999;}.tatsu-HkMvj__Wm > .tatsu-column-inner > .tatsu-bottom-divider{z-index: 9999;}.tatsu-HkMvj__Wm > .tatsu-column-inner > .tatsu-left-divider{z-index: 9999;}.tatsu-HkMvj__Wm > .tatsu-column-inner > .tatsu-right-divider{z-index: 9999;}<\/style><\/div><\/div><\/div><\/div><div class=\"tatsu-section-background-wrap\"><div class = \"tatsu-section-background\" ><\/div><\/div><style>.tatsu-B1c7odd-m.tatsu-section{background-color: rgba(34,96,165,1);}.tatsu-B1c7odd-m .tatsu-section-pad{padding: 20px 0px 0px 0px ;}.tatsu-B1c7odd-m > .tatsu-bottom-divider{z-index: 9999;}.tatsu-B1c7odd-m > .tatsu-top-divider{z-index: 9999;}<\/style><\/div><div  class=\"tatsu-SJbAgz_uZ7 tatsu-section    tatsu-clearfix\" data-title=\"\"  data-headerscheme=\"background--dark\"><div class='tatsu-section-pad clearfix' data-padding='{\"d\":\"0px 0px 90px 0px \"}' data-padding-top='0px'><div class=\"tatsu-row-wrap  tatsu-wrap tatsu-row-one-col tatsu-row-has-one-cols tatsu-medium-gutter tatsu-reg-cols  tatsu-clearfix tatsu-B1lsUMduWm\" ><div  class=\"tatsu-row \" ><div  class=\"tatsu-column  tatsu-column-no-bg tatsu-one-col tatsu-column-image-none tatsu-column-effect-none  tatsu-ByjLfddbQ\"  data-parallax-speed=\"0\" style=\"\"><div class=\"tatsu-column-inner \" ><div class=\"tatsu-column-pad-wrap\"><div class=\"tatsu-column-pad\" ><div  class=\"tatsu-module tatsu-text-block-wrap tatsu-Hk1Ofu_-Q  \"><div class=\"tatsu-text-inner tatsu-align-center  clearfix\" ><style>.tatsu-Hk1Ofu_-Q.tatsu-text-block-wrap .tatsu-text-inner{width: 100%;text-align: left;}<\/style>\n<p><img loading=\"lazy\" decoding=\"async\" class=\"aligncenter wp-image-14222\" src=\"http:\/\/busesahumada.cl\/busesahumada.cl\/webv\/wp-content\/uploads\/2018\/07\/logo2-02b.png\" alt=\"\" width=\"400\" height=\"81\" srcset=\"https:\/\/busesahumada.cl\/busesahumada.cl\/webv\/wp-content\/uploads\/2018\/07\/logo2-02b.png 1000w, https:\/\/busesahumada.cl\/busesahumada.cl\/webv\/wp-content\/uploads\/2018\/07\/logo2-02b-300x61.png 300w, https:\/\/busesahumada.cl\/busesahumada.cl\/webv\/wp-content\/uploads\/2018\/07\/logo2-02b-768x155.png 768w, https:\/\/busesahumada.cl\/busesahumada.cl\/webv\/wp-content\/uploads\/2018\/07\/logo2-02b-248x50.png 248w, https:\/\/busesahumada.cl\/busesahumada.cl\/webv\/wp-content\/uploads\/2018\/07\/logo2-02b-650x131.png 650w\" sizes=\"(max-width: 400px) 100vw, 400px\" \/><\/p>\n<\/div><\/div><\/div><\/div><div class = \"tatsu-column-bg-image-wrap\"><div class = \"tatsu-column-bg-image\" ><\/div><\/div><\/div><style>.tatsu-row > .tatsu-ByjLfddbQ.tatsu-column{width: 100%;}.tatsu-ByjLfddbQ.tatsu-column > .tatsu-column-inner > .tatsu-column-overlay{mix-blend-mode: none;}.tatsu-ByjLfddbQ > .tatsu-column-inner > .tatsu-top-divider{z-index: 9999;}.tatsu-ByjLfddbQ > .tatsu-column-inner > .tatsu-bottom-divider{z-index: 9999;}.tatsu-ByjLfddbQ > .tatsu-column-inner > .tatsu-left-divider{z-index: 9999;}.tatsu-ByjLfddbQ > .tatsu-column-inner > .tatsu-right-divider{z-index: 9999;}<\/style><\/div><\/div><\/div><div class=\"tatsu-row-wrap  tatsu-wrap tatsu-row-has-four-cols tatsu-medium-gutter tatsu-reg-cols  tatsu-clearfix tatsu-BJlClz_dbQ\" ><div  class=\"tatsu-row \" ><div  class=\"tatsu-column  tatsu-column-no-bg tatsu-one-fourth tatsu-column-image-none tatsu-column-effect-none  tatsu-HJ7-GuuW7\"  data-parallax-speed=\"0\" style=\"\"><div class=\"tatsu-column-inner \" ><div class=\"tatsu-column-pad-wrap\"><div class=\"tatsu-column-pad\" ><div  class=\"tatsu-module tatsu-text-block-wrap tatsu-SJb7GO_Z7  \"><div class=\"tatsu-text-inner tatsu-align-center  clearfix\" ><style>.tatsu-SJb7GO_Z7.tatsu-text-block-wrap .tatsu-text-inner{width: 100%;text-align: left;}<\/style>\n<h6 class=\"widget-title\"><span style=\"color: #808080;\"><strong>DIRECCI\u00d3N<\/strong><\/span><\/h6>\n<div class=\"textwidget\">\n<p><strong>Yerbas Buenas #650<\/strong><br \/>\nLos Andes<br \/>\nRegi\u00f3n de Valparaiso<\/p>\n<\/div>\n<\/div><\/div><\/div><\/div><div class = \"tatsu-column-bg-image-wrap\"><div class = \"tatsu-column-bg-image\" ><\/div><\/div><\/div><style>.tatsu-row > .tatsu-HJ7-GuuW7.tatsu-column{width: 25%;}.tatsu-HJ7-GuuW7.tatsu-column > .tatsu-column-inner > .tatsu-column-overlay{mix-blend-mode: none;}.tatsu-HJ7-GuuW7 > .tatsu-column-inner > .tatsu-top-divider{z-index: 9999;}.tatsu-HJ7-GuuW7 > .tatsu-column-inner > .tatsu-bottom-divider{z-index: 9999;}.tatsu-HJ7-GuuW7 > .tatsu-column-inner > .tatsu-left-divider{z-index: 9999;}.tatsu-HJ7-GuuW7 > .tatsu-column-inner > .tatsu-right-divider{z-index: 9999;}@media only screen and (max-width: 767px) {.tatsu-row > .tatsu-HJ7-GuuW7.tatsu-column{width: 100%;}}<\/style><\/div><div  class=\"tatsu-column  tatsu-column-no-bg tatsu-one-fourth tatsu-column-image-none tatsu-column-effect-none  tatsu-SJx7bMdO-7\"  data-parallax-speed=\"0\" style=\"\"><div class=\"tatsu-column-inner \" ><div class=\"tatsu-column-pad-wrap\"><div class=\"tatsu-column-pad\" ><div  class=\"tatsu-module tatsu-text-block-wrap tatsu-Hyp7zOObQ  \"><div class=\"tatsu-text-inner tatsu-align-center  clearfix\" ><style>.tatsu-Hyp7zOObQ.tatsu-text-block-wrap .tatsu-text-inner{width: 100%;text-align: left;}<\/style>\n<p><strong><span style=\"vertical-align: inherit;\">Consultas:<\/span><\/strong><\/p>\n<p><span style=\"vertical-align: inherit;\">Horario de Atenci\u00f3n:<\/span><br \/><span style=\"vertical-align: inherit;\">Lunes a Viernes: 06:00 a 21:00 horas.<\/span><\/p>\n<p>S\u00e1bados: 08:00 a 20:00 horas.<\/p>\n<p>\u00a0<\/p>\n<p><span style=\"font-size: 24pt;\"><strong><span style=\"vertical-align: inherit;\">600 3600 224<\/span><\/strong><\/span><\/p>\n<p><strong>WhatsApp <a href=\"https:\/\/web.whatsapp.com\/send?phone=56995468360&#038;text=Hola%20Buses%20Ahumada%2C%20Necesito%20Informaci%C3%B3n.\">+56 9 9546 8360<\/a><\/strong><\/p>\n<p>\u00a0<\/p>\n<\/div><\/div><\/div><\/div><div class = \"tatsu-column-bg-image-wrap\"><div class = \"tatsu-column-bg-image\" ><\/div><\/div><\/div><style>.tatsu-row > .tatsu-SJx7bMdO-7.tatsu-column{width: 25%;}.tatsu-SJx7bMdO-7.tatsu-column > .tatsu-column-inner > .tatsu-column-overlay{mix-blend-mode: none;}.tatsu-SJx7bMdO-7 > .tatsu-column-inner > .tatsu-top-divider{z-index: 9999;}.tatsu-SJx7bMdO-7 > .tatsu-column-inner > .tatsu-bottom-divider{z-index: 9999;}.tatsu-SJx7bMdO-7 > .tatsu-column-inner > .tatsu-left-divider{z-index: 9999;}.tatsu-SJx7bMdO-7 > .tatsu-column-inner > .tatsu-right-divider{z-index: 9999;}@media only screen and (max-width: 767px) {.tatsu-row > .tatsu-SJx7bMdO-7.tatsu-column{width: 100%;}}<\/style><\/div><div  class=\"tatsu-column  tatsu-column-no-bg tatsu-one-fourth tatsu-column-image-none tatsu-column-effect-none  tatsu-HJWXZGOuZQ\"  data-parallax-speed=\"0\" style=\"\"><div class=\"tatsu-column-inner \" ><div class=\"tatsu-column-pad-wrap\"><div class=\"tatsu-column-pad\" ><div  class=\"tatsu-module tatsu-text-block-wrap tatsu-r18Nf_dZX  \"><div class=\"tatsu-text-inner tatsu-align-center  clearfix\" ><style>.tatsu-r18Nf_dZX.tatsu-text-block-wrap .tatsu-text-inner{width: 100%;text-align: left;}<\/style>\n<h6><span style=\"color: #808080;\"><strong>ENCOMIENDAS<\/strong><\/span><\/h6>\n<p><strong>Santiago:<\/strong> 342210354<br \/>\n<strong>Los Andes:<\/strong> 34 2210306<br \/>\n<strong>San Felipe:<\/strong> 34 2210346<\/p>\n<\/div><\/div><\/div><\/div><div class = \"tatsu-column-bg-image-wrap\"><div class = \"tatsu-column-bg-image\" ><\/div><\/div><\/div><style>.tatsu-row > .tatsu-HJWXZGOuZQ.tatsu-column{width: 25%;}.tatsu-HJWXZGOuZQ.tatsu-column > .tatsu-column-inner > .tatsu-column-overlay{mix-blend-mode: none;}.tatsu-HJWXZGOuZQ > .tatsu-column-inner > .tatsu-top-divider{z-index: 9999;}.tatsu-HJWXZGOuZQ > .tatsu-column-inner > .tatsu-bottom-divider{z-index: 9999;}.tatsu-HJWXZGOuZQ > .tatsu-column-inner > .tatsu-left-divider{z-index: 9999;}.tatsu-HJWXZGOuZQ > .tatsu-column-inner > .tatsu-right-divider{z-index: 9999;}@media only screen and (max-width: 767px) {.tatsu-row > .tatsu-HJWXZGOuZQ.tatsu-column{width: 100%;}}<\/style><\/div><div  class=\"tatsu-column  tatsu-column-no-bg tatsu-one-fourth tatsu-column-image-none tatsu-column-effect-none  tatsu-r1Mm-fOOWm\"  data-parallax-speed=\"0\" style=\"\"><div class=\"tatsu-column-inner \" ><div class=\"tatsu-column-pad-wrap\"><div class=\"tatsu-column-pad\" ><div  class=\"tatsu-module tatsu-text-block-wrap tatsu-S1JUM_uWX  \"><div class=\"tatsu-text-inner tatsu-align-center  clearfix\" ><style>.tatsu-S1JUM_uWX.tatsu-text-block-wrap .tatsu-text-inner{width: 100%;text-align: left;}<\/style>\n<h6 class=\"widget-title\"><span style=\"color: #808080;\"><strong>CONT\u00c1CTANOS<\/strong><\/span><\/h6>\n<div class=\"textwidget\">\n<p><strong>Postulaciones:<\/strong> rrhh@busesahumada.cl<br \/>\n<strong>Informaci\u00f3n y Contacto:<\/strong> contacto@busesahumada.cl<\/p>\n<\/div>\n<\/div><\/div><\/div><\/div><div class = \"tatsu-column-bg-image-wrap\"><div class = \"tatsu-column-bg-image\" ><\/div><\/div><\/div><style>.tatsu-row > .tatsu-r1Mm-fOOWm.tatsu-column{width: 25%;}.tatsu-r1Mm-fOOWm.tatsu-column > .tatsu-column-inner > .tatsu-column-overlay{mix-blend-mode: none;}.tatsu-r1Mm-fOOWm > .tatsu-column-inner > .tatsu-top-divider{z-index: 9999;}.tatsu-r1Mm-fOOWm > .tatsu-column-inner > .tatsu-bottom-divider{z-index: 9999;}.tatsu-r1Mm-fOOWm > .tatsu-column-inner > .tatsu-left-divider{z-index: 9999;}.tatsu-r1Mm-fOOWm > .tatsu-column-inner > .tatsu-right-divider{z-index: 9999;}@media only screen and (max-width: 767px) {.tatsu-row > .tatsu-r1Mm-fOOWm.tatsu-column{width: 100%;}}<\/style><\/div><\/div><\/div><\/div><div class=\"tatsu-section-background-wrap\"><div class = \"tatsu-section-background\" ><\/div><\/div><style>.tatsu-SJbAgz_uZ7.tatsu-section{background-color: rgba(22,22,22,1);}.tatsu-SJbAgz_uZ7 .tatsu-section-pad{padding: 0px 0px 90px 0px ;}.tatsu-SJbAgz_uZ7 > .tatsu-bottom-divider{z-index: 9999;}.tatsu-SJbAgz_uZ7 > .tatsu-top-divider{z-index: 9999;}<\/style><\/div><div  class=\"tatsu-r1bT1oa-Gm tatsu-section    tatsu-clearfix\" data-title=\"\"  data-headerscheme=\"background--dark\"><div class='tatsu-section-pad clearfix' data-padding='{\"d\":\"10px 0px 10px 0px \"}' data-padding-top='10px'><div class=\"tatsu-row-wrap  tatsu-wrap tatsu-row-one-col tatsu-row-has-one-cols tatsu-medium-gutter tatsu-reg-cols  tatsu-clearfix tatsu-r1gpyiabf7\" ><div  class=\"tatsu-row \" ><div  class=\"tatsu-column  tatsu-column-no-bg tatsu-one-col tatsu-column-image-none tatsu-column-effect-none  tatsu-Hy6Ji6Zf7\"  data-parallax-speed=\"0\" style=\"\"><div class=\"tatsu-column-inner \" ><div class=\"tatsu-column-pad-wrap\"><div class=\"tatsu-column-pad\" ><div  class=\"tatsu-module tatsu-text-block-wrap tatsu-BJIeo6-MX  \"><div class=\"tatsu-text-inner tatsu-align-center  clearfix\" ><style>.tatsu-BJIeo6-MX.tatsu-text-block-wrap .tatsu-text-inner{width: 100%;text-align: left;}<\/style>\n<p style=\"text-align: center;\"><span style=\"font-size: 9pt; color: #ffffff;\"><a style=\"color: #ffffff;\" href=\"http:\/\/busesahumada.cl\/busesahumada.cl\/webv\/reglamento-servicios-internacionales\/\">Reglamento servicios internacionales<\/a>\u00a0 \u00a0|\u00a0 \u00a0<a style=\"color: #ffffff;\" href=\"http:\/\/busesahumada.cl\/busesahumada.cl\/webv\/condiciones-transporte-de-equipaje\/\">Condiciones transporte de equipaje<\/a><\/span><\/p>\n<\/div><\/div><\/div><\/div><div class = \"tatsu-column-bg-image-wrap\"><div class = \"tatsu-column-bg-image\" ><\/div><\/div><\/div><style>.tatsu-row > .tatsu-Hy6Ji6Zf7.tatsu-column{width: 100%;}.tatsu-Hy6Ji6Zf7.tatsu-column > .tatsu-column-inner > .tatsu-column-overlay{mix-blend-mode: none;}.tatsu-Hy6Ji6Zf7 > .tatsu-column-inner > .tatsu-top-divider{z-index: 9999;}.tatsu-Hy6Ji6Zf7 > .tatsu-column-inner > .tatsu-bottom-divider{z-index: 9999;}.tatsu-Hy6Ji6Zf7 > .tatsu-column-inner > .tatsu-left-divider{z-index: 9999;}.tatsu-Hy6Ji6Zf7 > .tatsu-column-inner > .tatsu-right-divider{z-index: 9999;}<\/style><\/div><\/div><\/div><\/div><div class=\"tatsu-section-background-wrap\"><div class = \"tatsu-section-background\" ><\/div><\/div><style>.tatsu-r1bT1oa-Gm.tatsu-section{background-color: rgba(0,0,0,1);}.tatsu-r1bT1oa-Gm .tatsu-section-pad{padding: 10px 0px 10px 0px ;}.tatsu-r1bT1oa-Gm > .tatsu-bottom-divider{z-index: 9999;}.tatsu-r1bT1oa-Gm > .tatsu-top-divider{z-index: 9999;}<\/style><\/div>\n","protected":false},"excerpt":{"rendered":"<p><a href=\"https:\/\/busesahumada.cl\/busesahumada.cl\/webv\/informacion-antes-de-viajar\/\" class=\"more-link style3-button\">Read More<\/a><\/p>","protected":false},"author":1,"featured_media":0,"parent":0,"menu_order":0,"comment_status":"closed","ping_status":"closed","template":"","meta":{"ngg_post_thumbnail":0,"footnotes":"","_joinchat":[]},"_links":{"self":[{"href":"https:\/\/busesahumada.cl\/busesahumada.cl\/webv\/wp-json\/wp\/v2\/pages\/14181"}],"collection":[{"href":"https:\/\/busesahumada.cl\/busesahumada.cl\/webv\/wp-json\/wp\/v2\/pages"}],"about":[{"href":"https:\/\/busesahumada.cl\/busesahumada.cl\/webv\/wp-json\/wp\/v2\/types\/page"}],"author":[{"embeddable":true,"href":"https:\/\/busesahumada.cl\/busesahumada.cl\/webv\/wp-json\/wp\/v2\/users\/1"}],"replies":[{"embeddable":true,"href":"https:\/\/busesahumada.cl\/busesahumada.cl\/webv\/wp-json\/wp\/v2\/comments?post=14181"}],"version-history":[{"count":14,"href":"https:\/\/busesahumada.cl\/busesahumada.cl\/webv\/wp-json\/wp\/v2\/pages\/14181\/revisions"}],"predecessor-version":[{"id":16544,"href":"https:\/\/busesahumada.cl\/busesahumada.cl\/webv\/wp-json\/wp\/v2\/pages\/14181\/revisions\/16544"}],"wp:attachment":[{"href":"https:\/\/busesahumada.cl\/busesahumada.cl\/webv\/wp-json\/wp\/v2\/media?parent=14181"}],"curies":[{"name":"wp","href":"https:\/\/api.w.org\/{rel}","templated":true}]}}