{"id":14082,"date":"2018-06-28T01:58:05","date_gmt":"2018-06-28T01:58:05","guid":{"rendered":"http:\/\/busesahumada.cl\/busesahumada.cl\/webv\/?page_id=14082"},"modified":"2025-06-03T17:23:37","modified_gmt":"2025-06-03T21:23:37","slug":"condiciones-transporte-de-equipaje","status":"publish","type":"page","link":"https:\/\/busesahumada.cl\/busesahumada.cl\/webv\/condiciones-transporte-de-equipaje\/","title":{"rendered":"Condiciones transporte de equipaje"},"content":{"rendered":"<div  class=\"tatsu-SJE_pLdW7 tatsu-section  tatsu-bg-overlay   tatsu-clearfix\" data-title=\"\"  data-headerscheme=\"background--dark\"><div class='tatsu-section-pad clearfix' data-padding='{\"d\":\"200px 0px 100px 0px \"}' data-padding-top='200px'><div class=\"tatsu-row-wrap  tatsu-wrap tatsu-row-one-col tatsu-row-has-one-cols tatsu-medium-gutter tatsu-reg-cols  tatsu-clearfix tatsu-SklE_68_WX\" ><div  class=\"tatsu-row \" ><div  class=\"tatsu-column  tatsu-column-no-bg tatsu-one-col tatsu-column-image-none tatsu-column-effect-none  tatsu-SyZNOpIu-Q\"  data-parallax-speed=\"0\" style=\"\"><div class=\"tatsu-column-inner \" ><div class=\"tatsu-column-pad-wrap\"><div class=\"tatsu-column-pad\" ><div  class=\"tatsu-module tatsu-inline-text clearfix tatsu-BkzV_TIu-X   \" ><style>.tatsu-BkzV_TIu-X .tatsu-inline-text-inner{width: 100%;text-align: left;}<\/style><div class=\"tatsu-inline-text-inner tatsu-align-center\">\n<h2 style=\"text-align: center;\"><span style=\"color: #ffffff;\">Reglamento Internacional<\/span><\/h2>\n<\/div><\/div><\/div><\/div><div class = \"tatsu-column-bg-image-wrap\"><div class = \"tatsu-column-bg-image\" ><\/div><\/div><\/div><style>.tatsu-row > .tatsu-SyZNOpIu-Q.tatsu-column{width: 100%;}.tatsu-SyZNOpIu-Q.tatsu-column > .tatsu-column-inner > .tatsu-column-overlay{mix-blend-mode: none;}.tatsu-SyZNOpIu-Q > .tatsu-column-inner > .tatsu-top-divider{z-index: 9999;}.tatsu-SyZNOpIu-Q > .tatsu-column-inner > .tatsu-bottom-divider{z-index: 9999;}.tatsu-SyZNOpIu-Q > .tatsu-column-inner > .tatsu-left-divider{z-index: 9999;}.tatsu-SyZNOpIu-Q > .tatsu-column-inner > .tatsu-right-divider{z-index: 9999;}<\/style><\/div><\/div><\/div><\/div><div class=\"tatsu-section-background-wrap\"><div class = \"tatsu-section-background\" ><\/div><\/div><div class=\"tatsu-overlay tatsu-section-overlay\"><\/div><style>.tatsu-SJE_pLdW7 .tatsu-section-background{background-image: url(http:\/\/busesahumada.cl\/busesahumada.cl\/webv\/wp-content\/uploads\/2018\/06\/foto05.jpg);background-repeat: no-repeat;background-attachment: scroll;background-position: center center;background-size: cover;}.tatsu-SJE_pLdW7 .tatsu-bg-blur{background-repeat: no-repeat;background-attachment: scroll;background-position: center center;background-size: cover;}.tatsu-SJE_pLdW7 .tatsu-section-pad{padding: 200px 0px 100px 0px ;}.tatsu-SJE_pLdW7 > .tatsu-bottom-divider{z-index: 9999;}.tatsu-SJE_pLdW7 > .tatsu-top-divider{z-index: 9999;}.tatsu-SJE_pLdW7 .tatsu-section-overlay{background: rgba(15,86,170,0.81);mix-blend-mode: normal;}<\/style><\/div><div  class=\"tatsu-H1-iThnWMQ tatsu-section    tatsu-clearfix\" data-title=\"\"  data-headerscheme=\"background--dark\"><div class='tatsu-section-pad clearfix' data-padding='{\"d\":\"20px 0px 90px 0px \"}' data-padding-top='20px'><div class=\"tatsu-row-wrap  tatsu-wrap tatsu-row-has-one-half tatsu-row-has-two-cols tatsu-medium-gutter tatsu-reg-cols  tatsu-clearfix tatsu-BJloa32ZzQ\" ><div  class=\"tatsu-row \" ><div  class=\"tatsu-column  tatsu-column-no-bg tatsu-one-half tatsu-column-image-none tatsu-column-effect-none  tatsu-rJQXeaZGQ\"  data-parallax-speed=\"0\" style=\"\"><div class=\"tatsu-column-inner \" ><div class=\"tatsu-column-pad-wrap\"><div class=\"tatsu-column-pad\" ><div  class=\"tatsu-empty-space  tatsu-Sy3pdabzQ  \" ><style>.tatsu-Sy3pdabzQ.tatsu-empty-space{height: 080px;}<\/style><\/div><div  class=\"tatsu-module tatsu-title-icon  tatsu-SkgVF6Zfm  \" ><span class=\"tatsu-ti-wrap tatsu-ti medium plain align-left\" ><i class=\"icon-suitcase tatsu-ti tatsu-ti-icon\"><\/i><\/span><div class=\"tatsu-tc tatsu-tc-custom-space align-left medium plain\">\n<h6>Transporte de equipaje<\/h6>\n<p>Se considera bajo la custodia, cuidado y responsabilidad de Buses Ahumada Ltda. desde el momento en que es etiquetado y subido al maletero del bus hasta cuando es entregado, en las mismas condiciones en que fue recibido, en el destino<\/p>\n<\/div><style>.tatsu-SkgVF6Zfm .tatsu-ti-icon{color: rgba(243,102,44,1) ;}<\/style><\/div><\/div><\/div><div class = \"tatsu-column-bg-image-wrap\"><div class = \"tatsu-column-bg-image\" ><\/div><\/div><\/div><style>.tatsu-row > .tatsu-rJQXeaZGQ.tatsu-column{width: 50%;}.tatsu-rJQXeaZGQ.tatsu-column > .tatsu-column-inner > .tatsu-column-overlay{mix-blend-mode: none;}.tatsu-rJQXeaZGQ > .tatsu-column-inner > .tatsu-top-divider{z-index: 9999;}.tatsu-rJQXeaZGQ > .tatsu-column-inner > .tatsu-bottom-divider{z-index: 9999;}.tatsu-rJQXeaZGQ > .tatsu-column-inner > .tatsu-left-divider{z-index: 9999;}.tatsu-rJQXeaZGQ > .tatsu-column-inner > .tatsu-right-divider{z-index: 9999;}@media only screen and (max-width: 767px) {.tatsu-row > .tatsu-rJQXeaZGQ.tatsu-column{width: 100%;}}<\/style><\/div><div  class=\"tatsu-column  tatsu-column-no-bg tatsu-one-half tatsu-column-image-none tatsu-column-effect-none  tatsu-r1eXXe6bzm\"  data-parallax-speed=\"0\" style=\"\"><div class=\"tatsu-column-inner \" ><div class=\"tatsu-column-pad-wrap\"><div class=\"tatsu-column-pad\" ><div  class = \" tatsu-B1Z5PPa-fm accordion-wrap oshine-module\" ><div class = \"accordion\" data-collapsed=\"0\"><h3 class=\"accordion-head no-bg tatsu-By_fua-M7\" style=\"\"><style>.tatsu-By_fua-M7.accordion-head{color: rgba(255,255,255,1) ;}<\/style><\/h3><div><\/div><h3 class=\"accordion-head no-bg tatsu-rkuC_TbfX\" style=\"\">EQUIPAJE<\/h3><div>\n<p>Se entender\u00e1 por equipaje los art\u00edculos de uso personal de un pasajero, tales como vestuario, calzado, art\u00edculos de tocador, etc., que no excedan los 30 kilos ni los 180 dec\u00edmetros c\u00fabicos en tramo nacional y 20 kilos en tramo Internacional. En cuanto al embarque de otros elementos (art\u00edculos deportivos, electr\u00f3nicos, etc.), este ser\u00e1 evaluado seg\u00fan corresponda. Se considera como equipaje el peso y volumen total permitido por pasajero, independientemente del n\u00famero de bultos.<\/p>\n<p><strong>Equipaje de mano:<\/strong><br \/>Equipaje que lleva el pasajero en la cabina, bajo su custodia y responsabilidad.<\/p>\n<p><strong>Peso y dimensi\u00f3n permitida:<\/strong><br \/>El equipaje de mano debe ser una pieza de no m\u00e1s de 10 kilos y que no exceda los 100 cent\u00edmetros (45 x 35 x 20).<\/p>\n<p><strong>Equipaje de mano adicional:<\/strong><br \/>Art\u00edculos como chaqueta, c\u00e1mara fotogr\u00e1fica peque\u00f1a, laptop, pueden ser transportados adicionalmente a lo antes indicado, sin que bloqueen los pies ni el libre tr\u00e1nsito por los pasillos.<\/p>\n<p><strong>Bicicletas:<\/strong><\/p>\n<p>Se puede transportar bicicleta en el portamaletas de forma gratuita siempre y cuando haya disponibilidad de espacio y la carga no sobrepase los 30 kilos.<\/p>\n<\/div><h3 class=\"accordion-head no-bg tatsu-Hygcwv6bMQ\" style=\"\">TIEMPOS DE PRESENTACI\u00d3N DE RECLAMOS<\/h3><div>\n<p>Durante las primeras 24 horas desde la llegada a su destino v\u00eda correo electr\u00f3nico a <a href=\"mailto:contacto@busesahumada.cl\">contacto@busesahumada.cl<\/a> (Adjuntar datos de pasajero y boleto de viaje)<\/p>\n<\/div><h3 class=\"accordion-head no-bg tatsu-SJQivpbMm\" style=\"\">EXCESO DE EQUIPAJE<\/h3><div>\n<p>En los servicios rurales e interurbanos (nacionales), cada pasajero tendr\u00e1 derecho a llevar, libre de pago, hasta 30 kilos y en tramo Internacional 20 kilos. Si se sobrepasa este l\u00edmite, se considerar\u00e1 como exceso de equipaje, lo cual estar\u00e1 afecto a un cobro y sujeto a disponibilidad para su transporte y correcto embalaje.<\/p>\n<\/div><h3 class=\"accordion-head no-bg tatsu-rJZaPTWz7\" style=\"\">TRANSPORTE DE ANIMALES<\/h3><div>\n<p>Buses Ahumada no cuenta con este servicio.<\/p>\n<\/div><h3 class=\"accordion-head no-bg tatsu-rJWgdT-fX\" style=\"\">DECLARACI\u00d3N DE ESPECIES<\/h3><div>\n<p>Si el valor de el o los art\u00edculos que lleva un pasajero supera las 5 UTM, este debe hacer una declaraci\u00f3n de equipaje por el transporte de dicho art\u00edculo. Buses Ahumada se encuentra facultado para solicitar, si es necesario, la documentaci\u00f3n que acredite su valor.<\/p>\n<\/div><\/div><\/div><\/div><\/div><div class = \"tatsu-column-bg-image-wrap\"><div class = \"tatsu-column-bg-image\" ><\/div><\/div><\/div><style>.tatsu-row > .tatsu-r1eXXe6bzm.tatsu-column{width: 50%;}.tatsu-r1eXXe6bzm.tatsu-column > .tatsu-column-inner > .tatsu-column-overlay{mix-blend-mode: none;}.tatsu-r1eXXe6bzm > .tatsu-column-inner > .tatsu-top-divider{z-index: 9999;}.tatsu-r1eXXe6bzm > .tatsu-column-inner > .tatsu-bottom-divider{z-index: 9999;}.tatsu-r1eXXe6bzm > .tatsu-column-inner > .tatsu-left-divider{z-index: 9999;}.tatsu-r1eXXe6bzm > .tatsu-column-inner > .tatsu-right-divider{z-index: 9999;}@media only screen and (max-width: 767px) {.tatsu-row > .tatsu-r1eXXe6bzm.tatsu-column{width: 100%;}}<\/style><\/div><\/div><\/div><\/div><div class=\"tatsu-section-background-wrap\"><div class = \"tatsu-section-background\" ><\/div><\/div><style>.tatsu-H1-iThnWMQ .tatsu-section-pad{padding: 20px 0px 90px 0px ;}.tatsu-H1-iThnWMQ > .tatsu-bottom-divider{z-index: 9999;}.tatsu-H1-iThnWMQ > .tatsu-top-divider{z-index: 9999;}<\/style><\/div><div  class=\"tatsu-B1c7odd-m tatsu-section    tatsu-clearfix\" data-title=\"\"  data-headerscheme=\"background--dark\"><div class='tatsu-section-pad clearfix' data-padding='{\"d\":\"20px 0px 0px 0px \"}' data-padding-top='20px'><div class=\"tatsu-row-wrap  tatsu-row-full-width tatsu-row-one-col tatsu-row-has-one-cols tatsu-zero-margin tatsu-medium-gutter tatsu-reg-cols  tatsu-clearfix tatsu-SkxcQouu-X\" ><div  class=\"tatsu-row \" ><div  class=\"tatsu-column  tatsu-column-no-bg tatsu-one-col tatsu-column-image-none tatsu-column-effect-none  tatsu-S1ZcmjdOWX\"  data-parallax-speed=\"0\" style=\"\"><div class=\"tatsu-column-inner \" ><div class=\"tatsu-column-pad-wrap\"><div class=\"tatsu-column-pad\" ><div  class=\"tatsu-module tatsu-call-to-action tatsu-clearfix  tatsu-BJfcQiO_Z7  \" ><div class=\"tatsu-cta-inner\"><h5 class=\"tatsu-action-content\" >Compra tus pasajes<\/h5><a class=\"mediumbtn tatsu-button rounded tatsu-action-button   \" href=\"http:\/\/busesahumada.cl\/busesahumada.cl\/webv\/#pasajes\" data-gdpr-atts={} ><span>AQU\u00cd<\/span><\/a><style>.tatsu-BJfcQiO_Z7 .tatsu-action-content{color: #ffffff ;}.tatsu-BJfcQiO_Z7 .tatsu-action-button{background: rgba(243,102,44,1);border-color: #ffffff; }.tatsu-BJfcQiO_Z7 .tatsu-action-button:hover{background: #ffffff;border-color: #ffffff; }.tatsu-BJfcQiO_Z7 .tatsu-action-button span{color: #ffffff ;}.tatsu-BJfcQiO_Z7 .tatsu-action-button:hover span{color: rgba(243,102,44,1) ;}<\/style><\/div><\/div><\/div><\/div><div class = \"tatsu-column-bg-image-wrap\"><div class = \"tatsu-column-bg-image\" ><\/div><\/div><\/div><style>.tatsu-row > .tatsu-S1ZcmjdOWX.tatsu-column{width: 100%;}.tatsu-S1ZcmjdOWX.tatsu-column > .tatsu-column-inner > .tatsu-column-overlay{mix-blend-mode: none;}.tatsu-S1ZcmjdOWX > .tatsu-column-inner > .tatsu-top-divider{z-index: 9999;}.tatsu-S1ZcmjdOWX > .tatsu-column-inner > .tatsu-bottom-divider{z-index: 9999;}.tatsu-S1ZcmjdOWX > .tatsu-column-inner > .tatsu-left-divider{z-index: 9999;}.tatsu-S1ZcmjdOWX > .tatsu-column-inner > .tatsu-right-divider{z-index: 9999;}<\/style><\/div><\/div><\/div><div class=\"tatsu-row-wrap  tatsu-wrap tatsu-row-one-col tatsu-row-has-one-cols tatsu-medium-gutter tatsu-reg-cols  tatsu-clearfix tatsu-HkxzwiOuWX\" ><div  class=\"tatsu-row \" ><div  class=\"tatsu-column  tatsu-column-no-bg tatsu-one-col tatsu-column-image-none tatsu-column-effect-none  tatsu-HkMvj__Wm\"  data-parallax-speed=\"0\" style=\"\"><div class=\"tatsu-column-inner \" ><div class=\"tatsu-column-pad-wrap\"><div class=\"tatsu-column-pad\" ><div  class=\"tatsu-module tatsu-text-block-wrap tatsu-r1qPjOd-7  \"><div class=\"tatsu-text-inner tatsu-align-center  clearfix\" ><style>.tatsu-r1qPjOd-7.tatsu-text-block-wrap .tatsu-text-inner{width: 100%;text-align: left;}<\/style>\n<p><img loading=\"lazy\" decoding=\"async\" class=\"aligncenter wp-image-14221\" src=\"http:\/\/busesahumada.cl\/busesahumada.cl\/webv\/wp-content\/uploads\/2018\/07\/logo2-01b.png\" alt=\"\" width=\"400\" height=\"81\" srcset=\"https:\/\/busesahumada.cl\/busesahumada.cl\/webv\/wp-content\/uploads\/2018\/07\/logo2-01b.png 1000w, https:\/\/busesahumada.cl\/busesahumada.cl\/webv\/wp-content\/uploads\/2018\/07\/logo2-01b-300x61.png 300w, https:\/\/busesahumada.cl\/busesahumada.cl\/webv\/wp-content\/uploads\/2018\/07\/logo2-01b-768x155.png 768w, https:\/\/busesahumada.cl\/busesahumada.cl\/webv\/wp-content\/uploads\/2018\/07\/logo2-01b-248x50.png 248w, https:\/\/busesahumada.cl\/busesahumada.cl\/webv\/wp-content\/uploads\/2018\/07\/logo2-01b-650x131.png 650w\" sizes=\"(max-width: 400px) 100vw, 400px\" \/><\/p>\n<\/div><\/div><\/div><\/div><div class = \"tatsu-column-bg-image-wrap\"><div class = \"tatsu-column-bg-image\" ><\/div><\/div><\/div><style>.tatsu-row > .tatsu-HkMvj__Wm.tatsu-column{width: 100%;}.tatsu-HkMvj__Wm.tatsu-column > .tatsu-column-inner > .tatsu-column-overlay{mix-blend-mode: none;}.tatsu-HkMvj__Wm > .tatsu-column-inner > .tatsu-top-divider{z-index: 9999;}.tatsu-HkMvj__Wm > .tatsu-column-inner > .tatsu-bottom-divider{z-index: 9999;}.tatsu-HkMvj__Wm > .tatsu-column-inner > .tatsu-left-divider{z-index: 9999;}.tatsu-HkMvj__Wm > .tatsu-column-inner > .tatsu-right-divider{z-index: 9999;}<\/style><\/div><\/div><\/div><\/div><div class=\"tatsu-section-background-wrap\"><div class = \"tatsu-section-background\" ><\/div><\/div><style>.tatsu-B1c7odd-m.tatsu-section{background-color: rgba(34,96,165,1);}.tatsu-B1c7odd-m .tatsu-section-pad{padding: 20px 0px 0px 0px ;}.tatsu-B1c7odd-m > .tatsu-bottom-divider{z-index: 9999;}.tatsu-B1c7odd-m > .tatsu-top-divider{z-index: 9999;}<\/style><\/div><div  class=\"tatsu-SJbAgz_uZ7 tatsu-section    tatsu-clearfix\" data-title=\"\"  data-headerscheme=\"background--dark\"><div class='tatsu-section-pad clearfix' data-padding='{\"d\":\"0px 0px 90px 0px \"}' data-padding-top='0px'><div class=\"tatsu-row-wrap  tatsu-wrap tatsu-row-one-col tatsu-row-has-one-cols tatsu-medium-gutter tatsu-reg-cols  tatsu-clearfix tatsu-B1lsUMduWm\" ><div  class=\"tatsu-row \" ><div  class=\"tatsu-column  tatsu-column-no-bg tatsu-one-col tatsu-column-image-none tatsu-column-effect-none  tatsu-ByjLfddbQ\"  data-parallax-speed=\"0\" style=\"\"><div class=\"tatsu-column-inner \" ><div class=\"tatsu-column-pad-wrap\"><div class=\"tatsu-column-pad\" ><div  class=\"tatsu-module tatsu-text-block-wrap tatsu-Hk1Ofu_-Q  \"><div class=\"tatsu-text-inner tatsu-align-center  clearfix\" ><style>.tatsu-Hk1Ofu_-Q.tatsu-text-block-wrap .tatsu-text-inner{width: 100%;text-align: left;}<\/style>\n<p><img loading=\"lazy\" decoding=\"async\" class=\"aligncenter wp-image-14222\" src=\"http:\/\/busesahumada.cl\/busesahumada.cl\/webv\/wp-content\/uploads\/2018\/07\/logo2-02b.png\" alt=\"\" width=\"400\" height=\"81\" srcset=\"https:\/\/busesahumada.cl\/busesahumada.cl\/webv\/wp-content\/uploads\/2018\/07\/logo2-02b.png 1000w, https:\/\/busesahumada.cl\/busesahumada.cl\/webv\/wp-content\/uploads\/2018\/07\/logo2-02b-300x61.png 300w, https:\/\/busesahumada.cl\/busesahumada.cl\/webv\/wp-content\/uploads\/2018\/07\/logo2-02b-768x155.png 768w, https:\/\/busesahumada.cl\/busesahumada.cl\/webv\/wp-content\/uploads\/2018\/07\/logo2-02b-248x50.png 248w, https:\/\/busesahumada.cl\/busesahumada.cl\/webv\/wp-content\/uploads\/2018\/07\/logo2-02b-650x131.png 650w\" sizes=\"(max-width: 400px) 100vw, 400px\" \/><\/p>\n<\/div><\/div><\/div><\/div><div class = \"tatsu-column-bg-image-wrap\"><div class = \"tatsu-column-bg-image\" ><\/div><\/div><\/div><style>.tatsu-row > .tatsu-ByjLfddbQ.tatsu-column{width: 100%;}.tatsu-ByjLfddbQ.tatsu-column > .tatsu-column-inner > .tatsu-column-overlay{mix-blend-mode: none;}.tatsu-ByjLfddbQ > .tatsu-column-inner > .tatsu-top-divider{z-index: 9999;}.tatsu-ByjLfddbQ > .tatsu-column-inner > .tatsu-bottom-divider{z-index: 9999;}.tatsu-ByjLfddbQ > .tatsu-column-inner > .tatsu-left-divider{z-index: 9999;}.tatsu-ByjLfddbQ > .tatsu-column-inner > .tatsu-right-divider{z-index: 9999;}<\/style><\/div><\/div><\/div><div class=\"tatsu-row-wrap  tatsu-wrap tatsu-row-has-four-cols tatsu-medium-gutter tatsu-reg-cols  tatsu-clearfix tatsu-BJlClz_dbQ\" ><div  class=\"tatsu-row \" ><div  class=\"tatsu-column  tatsu-column-no-bg tatsu-one-fourth tatsu-column-image-none tatsu-column-effect-none  tatsu-HJ7-GuuW7\"  data-parallax-speed=\"0\" style=\"\"><div class=\"tatsu-column-inner \" ><div class=\"tatsu-column-pad-wrap\"><div class=\"tatsu-column-pad\" ><div  class=\"tatsu-module tatsu-text-block-wrap tatsu-SJb7GO_Z7  \"><div class=\"tatsu-text-inner tatsu-align-center  clearfix\" ><style>.tatsu-SJb7GO_Z7.tatsu-text-block-wrap .tatsu-text-inner{width: 100%;text-align: left;}<\/style>\n<h6 class=\"widget-title\"><span style=\"color: #808080;\"><strong>DIRECCI\u00d3N<\/strong><\/span><\/h6>\n<div class=\"textwidget\">\n<p><strong>Yerbas Buenas #650<\/strong><br \/>\nLos Andes<br \/>\nRegi\u00f3n de Valparaiso<\/p>\n<\/div>\n<\/div><\/div><\/div><\/div><div class = \"tatsu-column-bg-image-wrap\"><div class = \"tatsu-column-bg-image\" ><\/div><\/div><\/div><style>.tatsu-row > .tatsu-HJ7-GuuW7.tatsu-column{width: 25%;}.tatsu-HJ7-GuuW7.tatsu-column > .tatsu-column-inner > .tatsu-column-overlay{mix-blend-mode: none;}.tatsu-HJ7-GuuW7 > .tatsu-column-inner > .tatsu-top-divider{z-index: 9999;}.tatsu-HJ7-GuuW7 > .tatsu-column-inner > .tatsu-bottom-divider{z-index: 9999;}.tatsu-HJ7-GuuW7 > .tatsu-column-inner > .tatsu-left-divider{z-index: 9999;}.tatsu-HJ7-GuuW7 > .tatsu-column-inner > .tatsu-right-divider{z-index: 9999;}@media only screen and (max-width: 767px) {.tatsu-row > .tatsu-HJ7-GuuW7.tatsu-column{width: 100%;}}<\/style><\/div><div  class=\"tatsu-column  tatsu-column-no-bg tatsu-one-fourth tatsu-column-image-none tatsu-column-effect-none  tatsu-SJx7bMdO-7\"  data-parallax-speed=\"0\" style=\"\"><div class=\"tatsu-column-inner \" ><div class=\"tatsu-column-pad-wrap\"><div class=\"tatsu-column-pad\" ><div  class=\"tatsu-module tatsu-text-block-wrap tatsu-Hyp7zOObQ  \"><div class=\"tatsu-text-inner tatsu-align-center  clearfix\" ><style>.tatsu-Hyp7zOObQ.tatsu-text-block-wrap .tatsu-text-inner{width: 100%;text-align: left;}<\/style>\n<p><strong><span style=\"vertical-align: inherit;\">Consultas:<\/span><\/strong><\/p>\n<p><span style=\"vertical-align: inherit;\">Horario de Atenci\u00f3n:<\/span><br \/><span style=\"vertical-align: inherit;\">Lunes a Viernes: 06:00 a 21:00 horas.<\/span><\/p>\n<p>S\u00e1bados: 08:00 a 20:00 horas.<\/p>\n<p>\u00a0<\/p>\n<p><span style=\"font-size: 24pt;\"><strong><span style=\"vertical-align: inherit;\">600 3600 224<\/span><\/strong><\/span><\/p>\n<p><strong>WhatsApp <a href=\"https:\/\/web.whatsapp.com\/send?phone=56995468360&#038;text=Hola%20Buses%20Ahumada%2C%20Necesito%20Informaci%C3%B3n.\">+56 9 9546 8360<\/a><\/strong><\/p>\n<p>\u00a0<\/p>\n<\/div><\/div><\/div><\/div><div class = \"tatsu-column-bg-image-wrap\"><div class = \"tatsu-column-bg-image\" ><\/div><\/div><\/div><style>.tatsu-row > .tatsu-SJx7bMdO-7.tatsu-column{width: 25%;}.tatsu-SJx7bMdO-7.tatsu-column > .tatsu-column-inner > .tatsu-column-overlay{mix-blend-mode: none;}.tatsu-SJx7bMdO-7 > .tatsu-column-inner > .tatsu-top-divider{z-index: 9999;}.tatsu-SJx7bMdO-7 > .tatsu-column-inner > .tatsu-bottom-divider{z-index: 9999;}.tatsu-SJx7bMdO-7 > .tatsu-column-inner > .tatsu-left-divider{z-index: 9999;}.tatsu-SJx7bMdO-7 > .tatsu-column-inner > .tatsu-right-divider{z-index: 9999;}@media only screen and (max-width: 767px) {.tatsu-row > .tatsu-SJx7bMdO-7.tatsu-column{width: 100%;}}<\/style><\/div><div  class=\"tatsu-column  tatsu-column-no-bg tatsu-one-fourth tatsu-column-image-none tatsu-column-effect-none  tatsu-HJWXZGOuZQ\"  data-parallax-speed=\"0\" style=\"\"><div class=\"tatsu-column-inner \" ><div class=\"tatsu-column-pad-wrap\"><div class=\"tatsu-column-pad\" ><div  class=\"tatsu-module tatsu-text-block-wrap tatsu-r18Nf_dZX  \"><div class=\"tatsu-text-inner tatsu-align-center  clearfix\" ><style>.tatsu-r18Nf_dZX.tatsu-text-block-wrap .tatsu-text-inner{width: 100%;text-align: left;}<\/style>\n<h6><span style=\"color: #808080;\"><strong>ENCOMIENDAS<\/strong><\/span><\/h6>\n<p><a href=\"http:\/\/www.paketcargo.cl\">http:\/\/www.paketcargo.cl<\/a><\/p>\n<\/div><\/div><\/div><\/div><div class = \"tatsu-column-bg-image-wrap\"><div class = \"tatsu-column-bg-image\" ><\/div><\/div><\/div><style>.tatsu-row > .tatsu-HJWXZGOuZQ.tatsu-column{width: 25%;}.tatsu-HJWXZGOuZQ.tatsu-column > .tatsu-column-inner > .tatsu-column-overlay{mix-blend-mode: none;}.tatsu-HJWXZGOuZQ > .tatsu-column-inner > .tatsu-top-divider{z-index: 9999;}.tatsu-HJWXZGOuZQ > .tatsu-column-inner > .tatsu-bottom-divider{z-index: 9999;}.tatsu-HJWXZGOuZQ > .tatsu-column-inner > .tatsu-left-divider{z-index: 9999;}.tatsu-HJWXZGOuZQ > .tatsu-column-inner > .tatsu-right-divider{z-index: 9999;}@media only screen and (max-width: 767px) {.tatsu-row > .tatsu-HJWXZGOuZQ.tatsu-column{width: 100%;}}<\/style><\/div><div  class=\"tatsu-column  tatsu-column-no-bg tatsu-one-fourth tatsu-column-image-none tatsu-column-effect-none  tatsu-r1Mm-fOOWm\"  data-parallax-speed=\"0\" style=\"\"><div class=\"tatsu-column-inner \" ><div class=\"tatsu-column-pad-wrap\"><div class=\"tatsu-column-pad\" ><div  class=\"tatsu-module tatsu-text-block-wrap tatsu-S1JUM_uWX  \"><div class=\"tatsu-text-inner tatsu-align-center  clearfix\" ><style>.tatsu-S1JUM_uWX.tatsu-text-block-wrap .tatsu-text-inner{width: 100%;text-align: left;}<\/style>\n<h6 class=\"widget-title\"><span style=\"color: #808080;\"><strong>CONT\u00c1CTANOS<\/strong><\/span><\/h6>\n<div class=\"textwidget\">\n<p><strong>Postulaciones:<\/strong> rrhh@busesahumada.cl<br \/>\n<strong>Informaci\u00f3n y Contacto:<\/strong> contacto@busesahumada.cl<\/p>\n<\/div>\n<\/div><\/div><\/div><\/div><div class = \"tatsu-column-bg-image-wrap\"><div class = \"tatsu-column-bg-image\" ><\/div><\/div><\/div><style>.tatsu-row > .tatsu-r1Mm-fOOWm.tatsu-column{width: 25%;}.tatsu-r1Mm-fOOWm.tatsu-column > .tatsu-column-inner > .tatsu-column-overlay{mix-blend-mode: none;}.tatsu-r1Mm-fOOWm > .tatsu-column-inner > .tatsu-top-divider{z-index: 9999;}.tatsu-r1Mm-fOOWm > .tatsu-column-inner > .tatsu-bottom-divider{z-index: 9999;}.tatsu-r1Mm-fOOWm > .tatsu-column-inner > .tatsu-left-divider{z-index: 9999;}.tatsu-r1Mm-fOOWm > .tatsu-column-inner > .tatsu-right-divider{z-index: 9999;}@media only screen and (max-width: 767px) {.tatsu-row > .tatsu-r1Mm-fOOWm.tatsu-column{width: 100%;}}<\/style><\/div><\/div><\/div><\/div><div class=\"tatsu-section-background-wrap\"><div class = \"tatsu-section-background\" ><\/div><\/div><style>.tatsu-SJbAgz_uZ7.tatsu-section{background-color: rgba(22,22,22,1);}.tatsu-SJbAgz_uZ7 .tatsu-section-pad{padding: 0px 0px 90px 0px ;}.tatsu-SJbAgz_uZ7 > .tatsu-bottom-divider{z-index: 9999;}.tatsu-SJbAgz_uZ7 > .tatsu-top-divider{z-index: 9999;}<\/style><\/div><div  class=\"tatsu-r1bT1oa-Gm tatsu-section    tatsu-clearfix\" data-title=\"\"  data-headerscheme=\"background--dark\"><div class='tatsu-section-pad clearfix' data-padding='{\"d\":\"10px 0px 10px 0px \"}' data-padding-top='10px'><div class=\"tatsu-row-wrap  tatsu-wrap tatsu-row-one-col tatsu-row-has-one-cols tatsu-medium-gutter tatsu-reg-cols  tatsu-clearfix tatsu-r1gpyiabf7\" ><div  class=\"tatsu-row \" ><div  class=\"tatsu-column  tatsu-column-no-bg tatsu-one-col tatsu-column-image-none tatsu-column-effect-none  tatsu-Hy6Ji6Zf7\"  data-parallax-speed=\"0\" style=\"\"><div class=\"tatsu-column-inner \" ><div class=\"tatsu-column-pad-wrap\"><div class=\"tatsu-column-pad\" ><div  class=\"tatsu-module tatsu-text-block-wrap tatsu-BJIeo6-MX  \"><div class=\"tatsu-text-inner tatsu-align-center  clearfix\" ><style>.tatsu-BJIeo6-MX.tatsu-text-block-wrap .tatsu-text-inner{width: 100%;text-align: left;}<\/style>\n<p style=\"text-align: center;\"><span style=\"font-size: 9pt; color: #ffffff;\"><a style=\"color: #ffffff;\" href=\"http:\/\/busesahumada.cl\/busesahumada.cl\/webv\/reglamento-servicios-internacionales\/\">Reglamento servicios internacionales<\/a>\u00a0 \u00a0|\u00a0 \u00a0<a style=\"color: #ffffff;\" href=\"http:\/\/busesahumada.cl\/busesahumada.cl\/webv\/condiciones-transporte-de-equipaje\/\">Condiciones transporte de equipaje<\/a><\/span><\/p>\n<\/div><\/div><\/div><\/div><div class = \"tatsu-column-bg-image-wrap\"><div class = \"tatsu-column-bg-image\" ><\/div><\/div><\/div><style>.tatsu-row > .tatsu-Hy6Ji6Zf7.tatsu-column{width: 100%;}.tatsu-Hy6Ji6Zf7.tatsu-column > .tatsu-column-inner > .tatsu-column-overlay{mix-blend-mode: none;}.tatsu-Hy6Ji6Zf7 > .tatsu-column-inner > .tatsu-top-divider{z-index: 9999;}.tatsu-Hy6Ji6Zf7 > .tatsu-column-inner > .tatsu-bottom-divider{z-index: 9999;}.tatsu-Hy6Ji6Zf7 > .tatsu-column-inner > .tatsu-left-divider{z-index: 9999;}.tatsu-Hy6Ji6Zf7 > .tatsu-column-inner > .tatsu-right-divider{z-index: 9999;}<\/style><\/div><\/div><\/div><\/div><div class=\"tatsu-section-background-wrap\"><div class = \"tatsu-section-background\" ><\/div><\/div><style>.tatsu-r1bT1oa-Gm.tatsu-section{background-color: rgba(0,0,0,1);}.tatsu-r1bT1oa-Gm .tatsu-section-pad{padding: 10px 0px 10px 0px ;}.tatsu-r1bT1oa-Gm > .tatsu-bottom-divider{z-index: 9999;}.tatsu-r1bT1oa-Gm > .tatsu-top-divider{z-index: 9999;}<\/style><\/div>\n","protected":false},"excerpt":{"rendered":"<p><a href=\"https:\/\/busesahumada.cl\/busesahumada.cl\/webv\/condiciones-transporte-de-equipaje\/\" class=\"more-link style3-button\">Read More<\/a><\/p>","protected":false},"author":1,"featured_media":0,"parent":0,"menu_order":0,"comment_status":"closed","ping_status":"closed","template":"","meta":{"ngg_post_thumbnail":0,"footnotes":"","_joinchat":[]},"_links":{"self":[{"href":"https:\/\/busesahumada.cl\/busesahumada.cl\/webv\/wp-json\/wp\/v2\/pages\/14082"}],"collection":[{"href":"https:\/\/busesahumada.cl\/busesahumada.cl\/webv\/wp-json\/wp\/v2\/pages"}],"about":[{"href":"https:\/\/busesahumada.cl\/busesahumada.cl\/webv\/wp-json\/wp\/v2\/types\/page"}],"author":[{"embeddable":true,"href":"https:\/\/busesahumada.cl\/busesahumada.cl\/webv\/wp-json\/wp\/v2\/users\/1"}],"replies":[{"embeddable":true,"href":"https:\/\/busesahumada.cl\/busesahumada.cl\/webv\/wp-json\/wp\/v2\/comments?post=14082"}],"version-history":[{"count":35,"href":"https:\/\/busesahumada.cl\/busesahumada.cl\/webv\/wp-json\/wp\/v2\/pages\/14082\/revisions"}],"predecessor-version":[{"id":16541,"href":"https:\/\/busesahumada.cl\/busesahumada.cl\/webv\/wp-json\/wp\/v2\/pages\/14082\/revisions\/16541"}],"wp:attachment":[{"href":"https:\/\/busesahumada.cl\/busesahumada.cl\/webv\/wp-json\/wp\/v2\/media?parent=14082"}],"curies":[{"name":"wp","href":"https:\/\/api.w.org\/{rel}","templated":true}]}}